{"id":684,"date":"2010-02-09T13:22:46","date_gmt":"2010-02-09T12:22:46","guid":{"rendered":"http:\/\/kristinahazler.com\/?page_id=684"},"modified":"2026-03-05T15:45:13","modified_gmt":"2026-03-05T14:45:13","slug":"a-man-and-his-recovery-gods-puzzle","status":"publish","type":"page","link":"https:\/\/kristinahazler.com\/en\/consciousnessbooks\/a-man-and-his-recovery-gods-puzzle\/","title":{"rendered":"A Man and His Recovery \u2013 God\u2019s Puzzle"},"content":{"rendered":"<p><a rel=\"attachment wp-att-1724\" href=\"http:\/\/kristinahazler.com\/?attachment_id=1724\"><img fetchpriority=\"high\" decoding=\"async\" class=\"alignleft size-medium wp-image-1724\" title=\"MH\" src=\"https:\/\/kristinahazler.com\/wp-content\/uploads\/2011\/07\/MH-300x294.jpg\" alt=\"Buchcover: Der Mensch und seine Heilung\" width=\"240\" height=\"235\" \/><\/a>In a filigree way, in details and almost materially\u00a0Author submits in this book &#8220;A Man and His Recovery &#8211; God\u00b4s Puzzle&#8221; an evidence that the first step to recovery is the self-knowledge \u2013 from the outside or from inside. Only a clear self-reflection can help us to recognize the blocks and wounds, remove and transform them. As our \u201emud\u201c \u2013 our own energy, emotions, ideas, etc. \u2013 is all the time connected with us in its own way and one can dispose it only \u00a0with his own effort as it is shown by many episodes concerning our own body and energetic system of this extremely poetic and charming workpiece.<\/p>\n<p><a href=\"http:\/\/kristinahazler.com\/?p=681&amp;lang=en\" target=\"_self\">here -&gt;\u00a0Bookreview<\/a><br \/>\n<a href=\"http:\/\/kristinahazler.com\/?p=2046&amp;lang=en\">here -&gt; The Labyrinth &#8211; \ufeff3rd chapter<\/a><\/p>\n<p>ISBN: 978-3-9502586-7-7<br \/>\nHardcover,\u00a0150 pages<br \/>\nPublication Date: in German language; 2010<br \/>\nebook order (only in german): <a href=\"http:\/\/www.amazon.de\">www.amazon.de<\/a> (Print &amp; Ebook), <a href=\"http:\/\/www.amazon.com\">www.amazon.com<\/a> \u00a0(ebook), <a href=\"http:\/\/www.amazon.co.uk\">www.amazon.co.uk<\/a><\/p>\n","protected":false},"excerpt":{"rendered":"<p>In a filigree way, in details and almost materially\u00a0Author submits in this book &#8220;A Man and His Recovery &#8211; God\u00b4s<\/p>\n","protected":false},"author":1,"featured_media":0,"parent":40935,"menu_order":2,"comment_status":"closed","ping_status":"closed","template":"","meta":{"site-sidebar-layout":"default","site-content-layout":"","ast-site-content-layout":"default","site-content-style":"default","site-sidebar-style":"default","ast-global-header-display":"","ast-banner-title-visibility":"","ast-main-header-display":"","ast-hfb-above-header-display":"","ast-hfb-below-header-display":"","ast-hfb-mobile-header-display":"","site-post-title":"","ast-breadcrumbs-content":"","ast-featured-img":"","footer-sml-layout":"","ast-disable-related-posts":"","theme-transparent-header-meta":"default","adv-header-id-meta":"","stick-header-meta":"default","header-above-stick-meta":"","header-main-stick-meta":"","header-below-stick-meta":"","astra-migrate-meta-layouts":"default","ast-page-background-enabled":"default","ast-page-background-meta":{"desktop":{"background-color":"var(--ast-global-color-4)","background-image":"","background-repeat":"repeat","background-position":"center center","background-size":"auto","background-attachment":"scroll","background-type":"","background-media":"","overlay-type":"","overlay-color":"","overlay-opacity":"","overlay-gradient":""},"tablet":{"background-color":"","background-image":"","background-repeat":"repeat","background-position":"center center","background-size":"auto","background-attachment":"scroll","background-type":"","background-media":"","overlay-type":"","overlay-color":"","overlay-opacity":"","overlay-gradient":""},"mobile":{"background-color":"","background-image":"","background-repeat":"repeat","background-position":"center center","background-size":"auto","background-attachment":"scroll","background-type":"","background-media":"","overlay-type":"","overlay-color":"","overlay-opacity":"","overlay-gradient":""}},"ast-content-background-meta":{"desktop":{"background-color":"var(--ast-global-color-5)","background-image":"","background-repeat":"repeat","background-position":"center center","background-size":"auto","background-attachment":"scroll","background-type":"","background-media":"","overlay-type":"","overlay-color":"","overlay-opacity":"","overlay-gradient":""},"tablet":{"background-color":"var(--ast-global-color-5)","background-image":"","background-repeat":"repeat","background-position":"center center","background-size":"auto","background-attachment":"scroll","background-type":"","background-media":"","overlay-type":"","overlay-color":"","overlay-opacity":"","overlay-gradient":""},"mobile":{"background-color":"var(--ast-global-color-5)","background-image":"","background-repeat":"repeat","background-position":"center center","background-size":"auto","background-attachment":"scroll","background-type":"","background-media":"","overlay-type":"","overlay-color":"","overlay-opacity":"","overlay-gradient":""}},"jetpack_post_was_ever_published":false,"footnotes":""},"class_list":["post-684","page","type-page","status-publish","hentry"],"yoast_head":"<!-- This site is optimized with the Yoast SEO Premium plugin v27.4 (Yoast SEO v27.4) - https:\/\/yoast.com\/product\/yoast-seo-premium-wordpress\/ -->\n<title>A Man and His Recovery \u2013 God\u2019s Puzzle | NEW CONSCIOUSNESS - Kristina Hazler<\/title>\n<meta name=\"robots\" content=\"index, follow, max-snippet:-1, max-image-preview:large, max-video-preview:-1\" \/>\n<link rel=\"canonical\" href=\"https:\/\/kristinahazler.com\/en\/consciousnessbooks\/a-man-and-his-recovery-gods-puzzle\/\" \/>\n<meta property=\"og:locale\" content=\"en_US\" \/>\n<meta property=\"og:type\" content=\"article\" \/>\n<meta property=\"og:title\" content=\"A Man and His Recovery \u2013 God\u2019s Puzzle\" \/>\n<meta property=\"og:description\" content=\"In a filigree way, in details and almost materially\u00a0Author submits in this book &#8220;A Man and His Recovery &#8211; God\u00b4s\" \/>\n<meta property=\"og:url\" content=\"https:\/\/kristinahazler.com\/en\/consciousnessbooks\/a-man-and-his-recovery-gods-puzzle\/\" \/>\n<meta property=\"og:site_name\" content=\"NEW CONSCIOUSNESS - Kristina Hazler\" \/>\n<meta property=\"article:publisher\" content=\"https:\/\/www.facebook.com\/kristina.hazler\/\" \/>\n<meta property=\"article:modified_time\" content=\"2026-03-05T14:45:13+00:00\" \/>\n<meta property=\"og:image\" content=\"https:\/\/kristinahazler.com\/wp-content\/uploads\/2020\/03\/Mensch-und-seine-Heilung2-1.jpg\" \/>\n<meta name=\"twitter:card\" content=\"summary_large_image\" \/>\n<meta name=\"twitter:image\" content=\"https:\/\/kristinahazler.com\/wp-content\/uploads\/2020\/03\/Mensch-und-seine-Heilung2-1.jpg\" \/>\n<meta name=\"twitter:label1\" content=\"Est. reading time\" \/>\n\t<meta name=\"twitter:data1\" content=\"1 minute\" \/>\n<script type=\"application\/ld+json\" class=\"yoast-schema-graph\">{\"@context\":\"https:\\\/\\\/schema.org\",\"@graph\":[{\"@type\":\"WebPage\",\"@id\":\"https:\\\/\\\/kristinahazler.com\\\/en\\\/consciousnessbooks\\\/a-man-and-his-recovery-gods-puzzle\\\/\",\"url\":\"https:\\\/\\\/kristinahazler.com\\\/en\\\/consciousnessbooks\\\/a-man-and-his-recovery-gods-puzzle\\\/\",\"name\":\"A Man and His Recovery \u2013 God\u2019s Puzzle | NEW CONSCIOUSNESS - Kristina Hazler\",\"isPartOf\":{\"@id\":\"https:\\\/\\\/kristinahazler.com\\\/en\\\/#website\"},\"primaryImageOfPage\":{\"@id\":\"https:\\\/\\\/kristinahazler.com\\\/en\\\/consciousnessbooks\\\/a-man-and-his-recovery-gods-puzzle\\\/#primaryimage\"},\"image\":{\"@id\":\"https:\\\/\\\/kristinahazler.com\\\/en\\\/consciousnessbooks\\\/a-man-and-his-recovery-gods-puzzle\\\/#primaryimage\"},\"thumbnailUrl\":\"https:\\\/\\\/kristinahazler.com\\\/wp-content\\\/uploads\\\/2011\\\/07\\\/MH-300x294.jpg\",\"datePublished\":\"2010-02-09T12:22:46+00:00\",\"dateModified\":\"2026-03-05T14:45:13+00:00\",\"breadcrumb\":{\"@id\":\"https:\\\/\\\/kristinahazler.com\\\/en\\\/consciousnessbooks\\\/a-man-and-his-recovery-gods-puzzle\\\/#breadcrumb\"},\"inLanguage\":\"en-US\",\"potentialAction\":[{\"@type\":\"ReadAction\",\"target\":[\"https:\\\/\\\/kristinahazler.com\\\/en\\\/consciousnessbooks\\\/a-man-and-his-recovery-gods-puzzle\\\/\"]}]},{\"@type\":\"ImageObject\",\"inLanguage\":\"en-US\",\"@id\":\"https:\\\/\\\/kristinahazler.com\\\/en\\\/consciousnessbooks\\\/a-man-and-his-recovery-gods-puzzle\\\/#primaryimage\",\"url\":\"https:\\\/\\\/kristinahazler.com\\\/wp-content\\\/uploads\\\/2011\\\/07\\\/MH-300x294.jpg\",\"contentUrl\":\"https:\\\/\\\/kristinahazler.com\\\/wp-content\\\/uploads\\\/2011\\\/07\\\/MH-300x294.jpg\"},{\"@type\":\"BreadcrumbList\",\"@id\":\"https:\\\/\\\/kristinahazler.com\\\/en\\\/consciousnessbooks\\\/a-man-and-his-recovery-gods-puzzle\\\/#breadcrumb\",\"itemListElement\":[{\"@type\":\"ListItem\",\"position\":1,\"name\":\"Start\",\"item\":\"https:\\\/\\\/kristinahazler.com\\\/en\\\/\"},{\"@type\":\"ListItem\",\"position\":2,\"name\":\"ConsciousnessBooks\",\"item\":\"https:\\\/\\\/kristinahazler.com\\\/en\\\/consciousnessbooks\\\/\"},{\"@type\":\"ListItem\",\"position\":3,\"name\":\"A Man and His Recovery \u2013 God\u2019s Puzzle\"}]},{\"@type\":\"WebSite\",\"@id\":\"https:\\\/\\\/kristinahazler.com\\\/en\\\/#website\",\"url\":\"https:\\\/\\\/kristinahazler.com\\\/en\\\/\",\"name\":\"NEUES BEWUSSTSEIN - Kristina Hazler\",\"description\":\"Counseling | Coaching | Therapy | Books | Blog\",\"publisher\":{\"@id\":\"https:\\\/\\\/kristinahazler.com\\\/en\\\/#organization\"},\"potentialAction\":[{\"@type\":\"SearchAction\",\"target\":{\"@type\":\"EntryPoint\",\"urlTemplate\":\"https:\\\/\\\/kristinahazler.com\\\/en\\\/?s={search_term_string}\"},\"query-input\":{\"@type\":\"PropertyValueSpecification\",\"valueRequired\":true,\"valueName\":\"search_term_string\"}}],\"inLanguage\":\"en-US\"},{\"@type\":[\"Organization\",\"Place\"],\"@id\":\"https:\\\/\\\/kristinahazler.com\\\/en\\\/#organization\",\"name\":\"Kristina Hazler\",\"url\":\"https:\\\/\\\/kristinahazler.com\\\/en\\\/\",\"logo\":{\"@id\":\"https:\\\/\\\/kristinahazler.com\\\/en\\\/consciousnessbooks\\\/a-man-and-his-recovery-gods-puzzle\\\/#local-main-organization-logo\"},\"image\":{\"@id\":\"https:\\\/\\\/kristinahazler.com\\\/en\\\/consciousnessbooks\\\/a-man-and-his-recovery-gods-puzzle\\\/#local-main-organization-logo\"},\"sameAs\":[\"https:\\\/\\\/www.facebook.com\\\/kristina.hazler\\\/\",\"https:\\\/\\\/www.instagram.com\\\/kristinahazler_bewusstleben\\\/\"],\"address\":{\"@id\":\"https:\\\/\\\/kristinahazler.com\\\/en\\\/consciousnessbooks\\\/a-man-and-his-recovery-gods-puzzle\\\/#local-main-place-address\"},\"geo\":{\"@type\":\"GeoCoordinates\",\"latitude\":\"48.288049\",\"longitude\":\"16.3649529\"},\"telephone\":[\"+4369917113130\",\"+4369919002013\"],\"openingHoursSpecification\":[],\"email\":\"info@kristinahazler.com\",\"vatID\":\"ATU65839701\"},{\"@type\":\"PostalAddress\",\"@id\":\"https:\\\/\\\/kristinahazler.com\\\/en\\\/consciousnessbooks\\\/a-man-and-his-recovery-gods-puzzle\\\/#local-main-place-address\",\"streetAddress\":\"BewusstseinsAkademie OG, Lagerstra\u00dfe 1-5\\\/2\\\/1\",\"addressLocality\":\"Langenzersdorf\",\"postalCode\":\"2103\",\"addressCountry\":\"AT\"},{\"@type\":\"ImageObject\",\"inLanguage\":\"en-US\",\"@id\":\"https:\\\/\\\/kristinahazler.com\\\/en\\\/consciousnessbooks\\\/a-man-and-his-recovery-gods-puzzle\\\/#local-main-organization-logo\",\"url\":\"https:\\\/\\\/kristinahazler.com\\\/wp-content\\\/uploads\\\/Logo-Neues-Bewusstsein-rot.png\",\"contentUrl\":\"https:\\\/\\\/kristinahazler.com\\\/wp-content\\\/uploads\\\/Logo-Neues-Bewusstsein-rot.png\",\"width\":500,\"height\":500,\"caption\":\"Kristina Hazler\"}]}<\/script>\n<meta name=\"geo.placename\" content=\"Langenzersdorf\" \/>\n<meta name=\"geo.position\" content=\"48.288049;16.3649529\" \/>\n<meta name=\"geo.region\" content=\"Austria\" \/>\n<!-- \/ Yoast SEO Premium plugin. -->","yoast_head_json":{"title":"A Man and His Recovery \u2013 God\u2019s Puzzle | NEW CONSCIOUSNESS - Kristina Hazler","robots":{"index":"index","follow":"follow","max-snippet":"max-snippet:-1","max-image-preview":"max-image-preview:large","max-video-preview":"max-video-preview:-1"},"canonical":"https:\/\/kristinahazler.com\/en\/consciousnessbooks\/a-man-and-his-recovery-gods-puzzle\/","og_locale":"en_US","og_type":"article","og_title":"A Man and His Recovery \u2013 God\u2019s Puzzle","og_description":"In a filigree way, in details and almost materially\u00a0Author submits in this book &#8220;A Man and His Recovery &#8211; God\u00b4s","og_url":"https:\/\/kristinahazler.com\/en\/consciousnessbooks\/a-man-and-his-recovery-gods-puzzle\/","og_site_name":"NEW CONSCIOUSNESS - Kristina Hazler","article_publisher":"https:\/\/www.facebook.com\/kristina.hazler\/","article_modified_time":"2026-03-05T14:45:13+00:00","og_image":[{"url":"https:\/\/kristinahazler.com\/wp-content\/uploads\/2020\/03\/Mensch-und-seine-Heilung2-1.jpg","type":"","width":"","height":""}],"twitter_card":"summary_large_image","twitter_image":"https:\/\/kristinahazler.com\/wp-content\/uploads\/2020\/03\/Mensch-und-seine-Heilung2-1.jpg","twitter_misc":{"Est. reading time":"1 minute"},"schema":{"@context":"https:\/\/schema.org","@graph":[{"@type":"WebPage","@id":"https:\/\/kristinahazler.com\/en\/consciousnessbooks\/a-man-and-his-recovery-gods-puzzle\/","url":"https:\/\/kristinahazler.com\/en\/consciousnessbooks\/a-man-and-his-recovery-gods-puzzle\/","name":"A Man and His Recovery \u2013 God\u2019s Puzzle | NEW CONSCIOUSNESS - Kristina Hazler","isPartOf":{"@id":"https:\/\/kristinahazler.com\/en\/#website"},"primaryImageOfPage":{"@id":"https:\/\/kristinahazler.com\/en\/consciousnessbooks\/a-man-and-his-recovery-gods-puzzle\/#primaryimage"},"image":{"@id":"https:\/\/kristinahazler.com\/en\/consciousnessbooks\/a-man-and-his-recovery-gods-puzzle\/#primaryimage"},"thumbnailUrl":"https:\/\/kristinahazler.com\/wp-content\/uploads\/2011\/07\/MH-300x294.jpg","datePublished":"2010-02-09T12:22:46+00:00","dateModified":"2026-03-05T14:45:13+00:00","breadcrumb":{"@id":"https:\/\/kristinahazler.com\/en\/consciousnessbooks\/a-man-and-his-recovery-gods-puzzle\/#breadcrumb"},"inLanguage":"en-US","potentialAction":[{"@type":"ReadAction","target":["https:\/\/kristinahazler.com\/en\/consciousnessbooks\/a-man-and-his-recovery-gods-puzzle\/"]}]},{"@type":"ImageObject","inLanguage":"en-US","@id":"https:\/\/kristinahazler.com\/en\/consciousnessbooks\/a-man-and-his-recovery-gods-puzzle\/#primaryimage","url":"https:\/\/kristinahazler.com\/wp-content\/uploads\/2011\/07\/MH-300x294.jpg","contentUrl":"https:\/\/kristinahazler.com\/wp-content\/uploads\/2011\/07\/MH-300x294.jpg"},{"@type":"BreadcrumbList","@id":"https:\/\/kristinahazler.com\/en\/consciousnessbooks\/a-man-and-his-recovery-gods-puzzle\/#breadcrumb","itemListElement":[{"@type":"ListItem","position":1,"name":"Start","item":"https:\/\/kristinahazler.com\/en\/"},{"@type":"ListItem","position":2,"name":"ConsciousnessBooks","item":"https:\/\/kristinahazler.com\/en\/consciousnessbooks\/"},{"@type":"ListItem","position":3,"name":"A Man and His Recovery \u2013 God\u2019s Puzzle"}]},{"@type":"WebSite","@id":"https:\/\/kristinahazler.com\/en\/#website","url":"https:\/\/kristinahazler.com\/en\/","name":"NEUES BEWUSSTSEIN - Kristina Hazler","description":"Counseling | Coaching | Therapy | Books | Blog","publisher":{"@id":"https:\/\/kristinahazler.com\/en\/#organization"},"potentialAction":[{"@type":"SearchAction","target":{"@type":"EntryPoint","urlTemplate":"https:\/\/kristinahazler.com\/en\/?s={search_term_string}"},"query-input":{"@type":"PropertyValueSpecification","valueRequired":true,"valueName":"search_term_string"}}],"inLanguage":"en-US"},{"@type":["Organization","Place"],"@id":"https:\/\/kristinahazler.com\/en\/#organization","name":"Kristina Hazler","url":"https:\/\/kristinahazler.com\/en\/","logo":{"@id":"https:\/\/kristinahazler.com\/en\/consciousnessbooks\/a-man-and-his-recovery-gods-puzzle\/#local-main-organization-logo"},"image":{"@id":"https:\/\/kristinahazler.com\/en\/consciousnessbooks\/a-man-and-his-recovery-gods-puzzle\/#local-main-organization-logo"},"sameAs":["https:\/\/www.facebook.com\/kristina.hazler\/","https:\/\/www.instagram.com\/kristinahazler_bewusstleben\/"],"address":{"@id":"https:\/\/kristinahazler.com\/en\/consciousnessbooks\/a-man-and-his-recovery-gods-puzzle\/#local-main-place-address"},"geo":{"@type":"GeoCoordinates","latitude":"48.288049","longitude":"16.3649529"},"telephone":["+4369917113130","+4369919002013"],"openingHoursSpecification":[],"email":"info@kristinahazler.com","vatID":"ATU65839701"},{"@type":"PostalAddress","@id":"https:\/\/kristinahazler.com\/en\/consciousnessbooks\/a-man-and-his-recovery-gods-puzzle\/#local-main-place-address","streetAddress":"BewusstseinsAkademie OG, Lagerstra\u00dfe 1-5\/2\/1","addressLocality":"Langenzersdorf","postalCode":"2103","addressCountry":"AT"},{"@type":"ImageObject","inLanguage":"en-US","@id":"https:\/\/kristinahazler.com\/en\/consciousnessbooks\/a-man-and-his-recovery-gods-puzzle\/#local-main-organization-logo","url":"https:\/\/kristinahazler.com\/wp-content\/uploads\/Logo-Neues-Bewusstsein-rot.png","contentUrl":"https:\/\/kristinahazler.com\/wp-content\/uploads\/Logo-Neues-Bewusstsein-rot.png","width":500,"height":500,"caption":"Kristina Hazler"}]},"geo.placename":"Langenzersdorf","geo.position":{"lat":"48.288049","long":"16.3649529"},"geo.region":"Austria"},"acf":[],"jetpack-related-posts":[{"id":11307,"url":"https:\/\/kristinahazler.com\/buecher\/der-mensch-und-seine-heilung-das-goettliche-puzzle\/rezension-zum-buch-der-mensch-und-seine-heilung\/","url_meta":{"origin":684,"position":0},"title":"Rezension zum Buch &#8220;Der Mensch und seine Heilung&#8221;","author":"Kristina Hazler","date":"10\/10\/2018","format":false,"excerpt":"In ihrem nunmehr dritten Buch \u201eDer Mensch und seine Heilung \u2013 Das g\u00f6ttliche Puzzle\u201c reflektiert die als Unternehmens- und Bewusstseinscoach in Wien lebende und arbeitende Kristina Hazler in bunten Gedankenbildern und anschaulichen Beispielen \u00fcber die t\u00e4glichen Erfahrungen und Bed\u00fcrfnisse der Menschen in einer Zeit, in der Wohlbefinden und Harmonie die\u2026","rel":"","context":"Similar post","block_context":{"text":"Similar post","link":""},"img":{"alt_text":"Buchcover: Der Mensch und seine Heilung","src":"https:\/\/i0.wp.com\/kristinahazler.com\/wp-content\/uploads\/2014\/09\/MH-300x294.jpg?resize=350%2C200&ssl=1","width":350,"height":200},"classes":[]},{"id":667,"url":"https:\/\/kristinahazler.com\/sk\/transformacia-vedomia-a-rozvoj-osobnosti-knihy\/clovek-a-jeho-uzdravenie-bozske-puzzle\/","url_meta":{"origin":684,"position":1},"title":"\u010clovek a jeho uzdravenie \u2013 Bo\u017esk\u00e9 puzzle","author":"Kristina Hazler","date":"09\/02\/2010","format":false,"excerpt":"Kniha \"\u010clovek a jeho uzdravenie \u2013 Bo\u017esk\u00e9 puzzle\" filigr\u00e1nsky, detailne a takmer fyzicky hmatate\u013ene predklad\u00e1 d\u00f4kaz o tom, \u017ee prv\u00fdm krokom uzdravenia je spoznanie seba sam\u00e9ho \u2013 \u010di zvonka alebo zvn\u00fatra. Len jasn\u00fd obraz seba sam\u00e9ho m\u00f4\u017ee pom\u00f4c\u0165 rozpozna\u0165 blok\u00e1dy a rany, odstr\u00e1ni\u0165 a transformova\u0165 ich. Preto\u017ee na\u0161e \u201ebahno\u201c \u2013\u2026","rel":"","context":"In &quot;Vedom\u00fd \u017eivot&quot;","block_context":{"text":"Vedom\u00fd \u017eivot","link":"https:\/\/kristinahazler.com\/sk\/kategoria\/blog\/vedomy-zivot\/"},"img":{"alt_text":"Buchcover: Der Mensch und seine Heilung","src":"https:\/\/i0.wp.com\/kristinahazler.com\/wp-content\/uploads\/2014\/07\/Der-Mensch-und-seine-Heilung-Das-g%C3%B6ttliche-Puzzle-250x300.jpg?resize=350%2C200&ssl=1","width":350,"height":200},"classes":[]},{"id":130,"url":"https:\/\/kristinahazler.com\/buecher\/der-mensch-und-seine-heilung-das-goettliche-puzzle\/","url_meta":{"origin":684,"position":2},"title":"Der Mensch und seine Heilung &#8211; Das g\u00f6ttliche Puzzle","author":"Kristina Hazler","date":"09\/02\/2010","format":false,"excerpt":"Das Buch \"Der Mensch und seine Heilung\" sind kurze metaphorische BewusstseinsGeschichten die unter die Haut gehen und helfen sich der einen oder anderen \"Blockade\" bewusst zu werden bzw. diese zu transformieren. Der erste Schritt zur Heilung liegt im eigenen Erkennen \u2013 ob im Au\u00dfen oder Innen. Nur ein klares Bild\u2026","rel":"","context":"In &quot;Bewusst sein&quot;","block_context":{"text":"Bewusst sein","link":"https:\/\/kristinahazler.com\/kategorie\/blog\/bewusst-sein\/"},"img":{"alt_text":"Buchcover: Der Mensch und seine Heilung","src":"https:\/\/i0.wp.com\/kristinahazler.com\/wp-content\/uploads\/2020\/10\/Buchcover-Der-Mensch-und-seine-Heilung-724x1024.jpg?resize=350%2C200&ssl=1","width":350,"height":200},"classes":[]},{"id":14885,"url":"https:\/\/kristinahazler.com\/bewusstseinsakademie\/business-seminare\/","url_meta":{"origin":684,"position":3},"title":"Business-Seminare","author":"Kristina Hazler","date":"22\/07\/2020","format":false,"excerpt":"Auf dieser Seite finden Sie unser Business-Seminar-Portfolio. Es sind auf die Bed\u00fcrfnisse der aktuellen Zeitqualit\u00e4t zugeschnittene Seminare, die wir auch gerne bei Ihnen vor Ort durchf\u00fchren k\u00f6nnen.","rel":"","context":"Similar post","block_context":{"text":"Similar post","link":""},"img":{"alt_text":"","src":"https:\/\/i0.wp.com\/kristinahazler.com\/wp-content\/uploads\/bilder\/logo\/logo-bewusstseinsakademie-abk2-150x150.webp?resize=350%2C200&ssl=1","width":350,"height":200},"classes":[]},{"id":10533,"url":"https:\/\/kristinahazler.com\/sk\/transformacia-vedomia-a-rozvoj-osobnosti-knihy\/","url_meta":{"origin":684,"position":4},"title":"Transform\u00e1cia vedomia a rozvoj osobnosti &#8211; Knihy","author":"Kristina Hazler","date":"14\/10\/2014","format":false,"excerpt":"Tu n\u00e1jde\u0161 preh\u013ead mojich publikovan\u00fdch kn\u00edh \u2013 zatia\u013e v\u0161etky len v nem\u010dine. Knihy si m\u00f4\u017ee\u0161 objedna\u0165 v klasickej, fyzickej, alebo v elektronickej (ebook) forme. Knihy sa daj\u00fa k\u00fapi\u0165 alebo objedna\u0165 v ka\u017edom kn\u00edhkupectve v nemecky hovoriacich krajin\u00e1ch a v internetovom obchode amazon.com ->, amazon.de ->\u00a0 Najjednoduch\u0161\u00ed sp\u00f4sob pre zasielanie na\u2026","rel":"","context":"Similar post","block_context":{"text":"Similar post","link":""},"img":{"alt_text":"Buchcover: Das Experiment","src":"https:\/\/i0.wp.com\/kristinahazler.com\/wp-content\/uploads\/2014\/07\/Erwachen-im-MenschSein-Das-Experiment-250x300.jpg?resize=350%2C200&ssl=1","width":350,"height":200},"classes":[]},{"id":40935,"url":"https:\/\/kristinahazler.com\/en\/consciousnessbooks\/","url_meta":{"origin":684,"position":5},"title":"ConsciousnessBooks","author":"Kristina Hazler","date":"14\/10\/2014","format":false,"excerpt":"An overview of my published books. In addition, you can download self-contained themed articles that have not yet been published in book form from my online store under the menu item\"Ebooks\". Of course you can also buy or download all my books in the online store. Click here to go\u2026","rel":"","context":"Similar post","block_context":{"text":"Similar post","link":""},"img":{"alt_text":"","src":"https:\/\/i0.wp.com\/kristinahazler.com\/wp-content\/uploads\/2020\/10\/Buch-Aspektologie-250x300.jpg?resize=350%2C200&ssl=1","width":350,"height":200},"classes":[]}],"jetpack_sharing_enabled":true,"_links":{"self":[{"href":"https:\/\/kristinahazler.com\/en\/wp-json\/wp\/v2\/pages\/684","targetHints":{"allow":["GET"]}}],"collection":[{"href":"https:\/\/kristinahazler.com\/en\/wp-json\/wp\/v2\/pages"}],"about":[{"href":"https:\/\/kristinahazler.com\/en\/wp-json\/wp\/v2\/types\/page"}],"author":[{"embeddable":true,"href":"https:\/\/kristinahazler.com\/en\/wp-json\/wp\/v2\/users\/1"}],"replies":[{"embeddable":true,"href":"https:\/\/kristinahazler.com\/en\/wp-json\/wp\/v2\/comments?post=684"}],"version-history":[{"count":0,"href":"https:\/\/kristinahazler.com\/en\/wp-json\/wp\/v2\/pages\/684\/revisions"}],"up":[{"embeddable":true,"href":"https:\/\/kristinahazler.com\/en\/wp-json\/wp\/v2\/pages\/40935"}],"wp:attachment":[{"href":"https:\/\/kristinahazler.com\/en\/wp-json\/wp\/v2\/media?parent=684"}],"curies":[{"name":"wp","href":"https:\/\/api.w.org\/{rel}","templated":true}]}}