{"id":1521,"date":"2011-07-21T11:55:06","date_gmt":"2011-07-21T09:55:06","guid":{"rendered":"http:\/\/kristinahazler.com\/?page_id=1521"},"modified":"2026-02-09T18:04:18","modified_gmt":"2026-02-09T17:04:18","slug":"skupina-experiment","status":"publish","type":"page","link":"https:\/\/kristinahazler.com\/sk\/skupina-experiment\/","title":{"rendered":"Skupina Experiment"},"content":{"rendered":"<p><strong>\u0160tudenti Univerzity Kon\u0161tant\u00edna Filozofa v Nitre<\/strong><\/p>\n<p>pracuj\u00faci v r\u00e1mci &#8222;Projektu Experiment&#8220; na preklade kn\u00edh:<\/p>\n<p><strong>&#8222;DAS EXPERIMENT&#8220;<\/strong><\/p>\n<p><strong>Prekladatelia:<\/strong><\/p>\n<p><img decoding=\"async\" class=\"alignright size-medium wp-image-1566\" title=\"EXPERIMENT1\" src=\"http:\/\/kristinahazler.com\/wp-content\/uploads\/2011\/07\/EXPERIMENT1-210x300.jpg\" alt=\"\" width=\"126\" height=\"180\" \/>Janka Bal\u00e1\u017ekov\u00e1<br \/>\nJaroslav F\u00f6lde\u0161<br \/>\nMonika Kalnick\u00e1<br \/>\nJozef Klinga<br \/>\nDenisa L\u00f6rinczov\u00e1<br \/>\nLenka M\u00e9sz\u00e1rosov\u00e1<br \/>\nNina Nov\u00e1kov\u00e1<br \/>\nLucia Profantov\u00e1<br \/>\nJarmila Vi\u0161\u0148ovcov\u00e1<\/p>\n<p><strong>Lektori:<\/strong><\/p>\n<p>Zuzana Jur\u010diov\u00e1<br \/>\nVeronika Koln\u00edkov\u00e1<br \/>\nNikoleta Lavi\u010dkov\u00e1<br \/>\nKatar\u00edna Slivkov\u00e1<\/p>\n<p>\u010doskoro si tu budete m\u00f4c\u0165 pre\u010d\u00edta\u0165 \u00faryvky z ich prekladov alebo zak\u00fapi\u0165 slovensk\u00fa verziu &#8222;Experimentu&#8220;<\/p>\n<p>&nbsp;<\/p>\n<p><strong>&#8222;DER MENSCH UND SEINE HEILUNG&#8220; <\/strong><\/p>\n<p><strong>Prekladatelia:<\/strong><\/p>\n<p>Janka Bal\u00e1\u017ekov\u00e1<br \/>\nMichal Kom\u017e\u00edk<br \/>\nDenisa L\u00f6rinczov\u00e1<br \/>\nLinda Mag\u00e1thov\u00e1<br \/>\nElena Majzelov\u00e1<br \/>\nLenka Mesz\u00e1rosov\u00e1<br \/>\nNina Nov\u00e1kov\u00e1<br \/>\nMarek P\u00e1pe\u017e<br \/>\nMichaela Pope\u013e\u00e1\u0161ov\u00e1<\/p>\n<p><strong>Lektori:<\/strong><\/p>\n<p>Zuzana Jur\u010diov\u00e1<br \/>\nIvona Konf\u00e1lov\u00e1<br \/>\nVeronika Koln\u00edkov\u00e1<br \/>\nKatar\u00edna P\u00e1len\u00edkov\u00e1<br \/>\nKatar\u00edna Slivkov\u00e1<\/p>\n<p>&nbsp;<\/p>\n<p>&nbsp;<\/p>\n<p>&nbsp;<\/p>\n","protected":false},"excerpt":{"rendered":"<p>\u0160tudenti Univerzity Kon\u0161tant\u00edna Filozofa v Nitre pracuj\u00faci v r\u00e1mci &#8222;Projektu Experiment&#8220; na preklade kn\u00edh: &#8222;DAS EXPERIMENT&#8220; Prekladatelia: Janka Bal\u00e1\u017ekov\u00e1 Jaroslav<\/p>\n","protected":false},"author":1,"featured_media":0,"parent":0,"menu_order":0,"comment_status":"closed","ping_status":"closed","template":"","meta":{"site-sidebar-layout":"default","site-content-layout":"","ast-site-content-layout":"default","site-content-style":"default","site-sidebar-style":"default","ast-global-header-display":"","ast-banner-title-visibility":"","ast-main-header-display":"","ast-hfb-above-header-display":"","ast-hfb-below-header-display":"","ast-hfb-mobile-header-display":"","site-post-title":"","ast-breadcrumbs-content":"","ast-featured-img":"","footer-sml-layout":"","ast-disable-related-posts":"","theme-transparent-header-meta":"default","adv-header-id-meta":"","stick-header-meta":"default","header-above-stick-meta":"","header-main-stick-meta":"","header-below-stick-meta":"","astra-migrate-meta-layouts":"set","ast-page-background-enabled":"default","ast-page-background-meta":{"desktop":{"background-color":"var(--ast-global-color-4)","background-image":"","background-repeat":"repeat","background-position":"center center","background-size":"auto","background-attachment":"scroll","background-type":"","background-media":"","overlay-type":"","overlay-color":"","overlay-opacity":"","overlay-gradient":""},"tablet":{"background-color":"","background-image":"","background-repeat":"repeat","background-position":"center center","background-size":"auto","background-attachment":"scroll","background-type":"","background-media":"","overlay-type":"","overlay-color":"","overlay-opacity":"","overlay-gradient":""},"mobile":{"background-color":"","background-image":"","background-repeat":"repeat","background-position":"center center","background-size":"auto","background-attachment":"scroll","background-type":"","background-media":"","overlay-type":"","overlay-color":"","overlay-opacity":"","overlay-gradient":""}},"ast-content-background-meta":{"desktop":{"background-color":"var(--ast-global-color-5)","background-image":"","background-repeat":"repeat","background-position":"center center","background-size":"auto","background-attachment":"scroll","background-type":"","background-media":"","overlay-type":"","overlay-color":"","overlay-opacity":"","overlay-gradient":""},"tablet":{"background-color":"var(--ast-global-color-5)","background-image":"","background-repeat":"repeat","background-position":"center center","background-size":"auto","background-attachment":"scroll","background-type":"","background-media":"","overlay-type":"","overlay-color":"","overlay-opacity":"","overlay-gradient":""},"mobile":{"background-color":"var(--ast-global-color-5)","background-image":"","background-repeat":"repeat","background-position":"center center","background-size":"auto","background-attachment":"scroll","background-type":"","background-media":"","overlay-type":"","overlay-color":"","overlay-opacity":"","overlay-gradient":""}},"jetpack_post_was_ever_published":false,"footnotes":""},"class_list":["post-1521","page","type-page","status-publish","hentry"],"yoast_head":"<!-- This site is optimized with the Yoast SEO Premium plugin v27.4 (Yoast SEO v27.4) - https:\/\/yoast.com\/product\/yoast-seo-premium-wordpress\/ -->\n<title>Skupina Experiment | NOV\u00c9 VEDOMIE - Krist\u00edna Hazler<\/title>\n<meta name=\"robots\" content=\"index, follow, max-snippet:-1, max-image-preview:large, max-video-preview:-1\" \/>\n<link rel=\"canonical\" href=\"https:\/\/kristinahazler.com\/sk\/skupina-experiment\/\" \/>\n<meta property=\"og:locale\" content=\"sk_SK\" \/>\n<meta property=\"og:type\" content=\"article\" \/>\n<meta property=\"og:title\" content=\"Skupina Experiment\" \/>\n<meta property=\"og:description\" content=\"\u0160tudenti Univerzity Kon\u0161tant\u00edna Filozofa v Nitre pracuj\u00faci v r\u00e1mci &#8222;Projektu Experiment&#8220; na preklade kn\u00edh: &#8222;DAS EXPERIMENT&#8220; Prekladatelia: Janka Bal\u00e1\u017ekov\u00e1 Jaroslav\" \/>\n<meta property=\"og:url\" content=\"https:\/\/kristinahazler.com\/sk\/skupina-experiment\/\" \/>\n<meta property=\"og:site_name\" content=\"NOV\u00c9 VEDOMIE - Krist\u00edna Hazler\" \/>\n<meta property=\"article:publisher\" content=\"https:\/\/www.facebook.com\/kristina.hazler\/\" \/>\n<meta property=\"article:modified_time\" content=\"2026-02-09T17:04:18+00:00\" \/>\n<meta property=\"og:image\" content=\"http:\/\/kristinahazler.com\/wp-content\/uploads\/2011\/07\/EXPERIMENT1-210x300.jpg\" \/>\n<meta name=\"twitter:card\" content=\"summary_large_image\" \/>\n<meta name=\"twitter:label1\" content=\"Est. reading time\" \/>\n\t<meta name=\"twitter:data1\" content=\"1 minute\" \/>\n<script type=\"application\/ld+json\" class=\"yoast-schema-graph\">{\"@context\":\"https:\\\/\\\/schema.org\",\"@graph\":[{\"@type\":\"WebPage\",\"@id\":\"https:\\\/\\\/kristinahazler.com\\\/sk\\\/skupina-experiment\\\/\",\"url\":\"https:\\\/\\\/kristinahazler.com\\\/sk\\\/skupina-experiment\\\/\",\"name\":\"Skupina Experiment | NOV\u00c9 VEDOMIE - Krist\u00edna Hazler\",\"isPartOf\":{\"@id\":\"https:\\\/\\\/kristinahazler.com\\\/sk\\\/#website\"},\"primaryImageOfPage\":{\"@id\":\"https:\\\/\\\/kristinahazler.com\\\/sk\\\/skupina-experiment\\\/#primaryimage\"},\"image\":{\"@id\":\"https:\\\/\\\/kristinahazler.com\\\/sk\\\/skupina-experiment\\\/#primaryimage\"},\"thumbnailUrl\":\"http:\\\/\\\/kristinahazler.com\\\/wp-content\\\/uploads\\\/2011\\\/07\\\/EXPERIMENT1-210x300.jpg\",\"datePublished\":\"2011-07-21T09:55:06+00:00\",\"dateModified\":\"2026-02-09T17:04:18+00:00\",\"breadcrumb\":{\"@id\":\"https:\\\/\\\/kristinahazler.com\\\/sk\\\/skupina-experiment\\\/#breadcrumb\"},\"inLanguage\":\"sk-SK\",\"potentialAction\":[{\"@type\":\"ReadAction\",\"target\":[\"https:\\\/\\\/kristinahazler.com\\\/sk\\\/skupina-experiment\\\/\"]}]},{\"@type\":\"ImageObject\",\"inLanguage\":\"sk-SK\",\"@id\":\"https:\\\/\\\/kristinahazler.com\\\/sk\\\/skupina-experiment\\\/#primaryimage\",\"url\":\"http:\\\/\\\/kristinahazler.com\\\/wp-content\\\/uploads\\\/2011\\\/07\\\/EXPERIMENT1-210x300.jpg\",\"contentUrl\":\"http:\\\/\\\/kristinahazler.com\\\/wp-content\\\/uploads\\\/2011\\\/07\\\/EXPERIMENT1-210x300.jpg\"},{\"@type\":\"BreadcrumbList\",\"@id\":\"https:\\\/\\\/kristinahazler.com\\\/sk\\\/skupina-experiment\\\/#breadcrumb\",\"itemListElement\":[{\"@type\":\"ListItem\",\"position\":1,\"name\":\"Start\",\"item\":\"https:\\\/\\\/kristinahazler.com\\\/sk\\\/\"},{\"@type\":\"ListItem\",\"position\":2,\"name\":\"Skupina Experiment\"}]},{\"@type\":\"WebSite\",\"@id\":\"https:\\\/\\\/kristinahazler.com\\\/sk\\\/#website\",\"url\":\"https:\\\/\\\/kristinahazler.com\\\/sk\\\/\",\"name\":\"NEUES BEWUSSTSEIN - Kristina Hazler\",\"description\":\"Poradenstvo | Kou\u010ding | Terapia | Knihy | Blog\",\"publisher\":{\"@id\":\"https:\\\/\\\/kristinahazler.com\\\/sk\\\/#organization\"},\"potentialAction\":[{\"@type\":\"SearchAction\",\"target\":{\"@type\":\"EntryPoint\",\"urlTemplate\":\"https:\\\/\\\/kristinahazler.com\\\/sk\\\/?s={search_term_string}\"},\"query-input\":{\"@type\":\"PropertyValueSpecification\",\"valueRequired\":true,\"valueName\":\"search_term_string\"}}],\"inLanguage\":\"sk-SK\"},{\"@type\":[\"Organization\",\"Place\"],\"@id\":\"https:\\\/\\\/kristinahazler.com\\\/sk\\\/#organization\",\"name\":\"Kristina Hazler\",\"url\":\"https:\\\/\\\/kristinahazler.com\\\/sk\\\/\",\"logo\":{\"@id\":\"https:\\\/\\\/kristinahazler.com\\\/sk\\\/skupina-experiment\\\/#local-main-organization-logo\"},\"image\":{\"@id\":\"https:\\\/\\\/kristinahazler.com\\\/sk\\\/skupina-experiment\\\/#local-main-organization-logo\"},\"sameAs\":[\"https:\\\/\\\/www.facebook.com\\\/kristina.hazler\\\/\",\"https:\\\/\\\/www.instagram.com\\\/kristinahazler_bewusstleben\\\/\"],\"address\":{\"@id\":\"https:\\\/\\\/kristinahazler.com\\\/sk\\\/skupina-experiment\\\/#local-main-place-address\"},\"geo\":{\"@type\":\"GeoCoordinates\",\"latitude\":\"48.288049\",\"longitude\":\"16.3649529\"},\"telephone\":[\"+4369917113130\",\"+4369919002013\"],\"openingHoursSpecification\":[],\"email\":\"info@kristinahazler.com\",\"vatID\":\"ATU65839701\"},{\"@type\":\"PostalAddress\",\"@id\":\"https:\\\/\\\/kristinahazler.com\\\/sk\\\/skupina-experiment\\\/#local-main-place-address\",\"streetAddress\":\"BewusstseinsAkademie OG, Lagerstra\u00dfe 1-5\\\/2\\\/1\",\"addressLocality\":\"Langenzersdorf\",\"postalCode\":\"2103\",\"addressCountry\":\"AT\"},{\"@type\":\"ImageObject\",\"inLanguage\":\"sk-SK\",\"@id\":\"https:\\\/\\\/kristinahazler.com\\\/sk\\\/skupina-experiment\\\/#local-main-organization-logo\",\"url\":\"https:\\\/\\\/kristinahazler.com\\\/wp-content\\\/uploads\\\/Logo-Neues-Bewusstsein-rot.png\",\"contentUrl\":\"https:\\\/\\\/kristinahazler.com\\\/wp-content\\\/uploads\\\/Logo-Neues-Bewusstsein-rot.png\",\"width\":500,\"height\":500,\"caption\":\"Kristina Hazler\"}]}<\/script>\n<meta name=\"geo.placename\" content=\"Langenzersdorf\" \/>\n<meta name=\"geo.position\" content=\"48.288049;16.3649529\" \/>\n<meta name=\"geo.region\" content=\"Austria\" \/>\n<!-- \/ Yoast SEO Premium plugin. -->","yoast_head_json":{"title":"Skupina Experiment | NOV\u00c9 VEDOMIE - Krist\u00edna Hazler","robots":{"index":"index","follow":"follow","max-snippet":"max-snippet:-1","max-image-preview":"max-image-preview:large","max-video-preview":"max-video-preview:-1"},"canonical":"https:\/\/kristinahazler.com\/sk\/skupina-experiment\/","og_locale":"sk_SK","og_type":"article","og_title":"Skupina Experiment","og_description":"\u0160tudenti Univerzity Kon\u0161tant\u00edna Filozofa v Nitre pracuj\u00faci v r\u00e1mci &#8222;Projektu Experiment&#8220; na preklade kn\u00edh: &#8222;DAS EXPERIMENT&#8220; Prekladatelia: Janka Bal\u00e1\u017ekov\u00e1 Jaroslav","og_url":"https:\/\/kristinahazler.com\/sk\/skupina-experiment\/","og_site_name":"NOV\u00c9 VEDOMIE - Krist\u00edna Hazler","article_publisher":"https:\/\/www.facebook.com\/kristina.hazler\/","article_modified_time":"2026-02-09T17:04:18+00:00","og_image":[{"url":"http:\/\/kristinahazler.com\/wp-content\/uploads\/2011\/07\/EXPERIMENT1-210x300.jpg","type":"","width":"","height":""}],"twitter_card":"summary_large_image","twitter_misc":{"Est. reading time":"1 minute"},"schema":{"@context":"https:\/\/schema.org","@graph":[{"@type":"WebPage","@id":"https:\/\/kristinahazler.com\/sk\/skupina-experiment\/","url":"https:\/\/kristinahazler.com\/sk\/skupina-experiment\/","name":"Skupina Experiment | NOV\u00c9 VEDOMIE - Krist\u00edna Hazler","isPartOf":{"@id":"https:\/\/kristinahazler.com\/sk\/#website"},"primaryImageOfPage":{"@id":"https:\/\/kristinahazler.com\/sk\/skupina-experiment\/#primaryimage"},"image":{"@id":"https:\/\/kristinahazler.com\/sk\/skupina-experiment\/#primaryimage"},"thumbnailUrl":"http:\/\/kristinahazler.com\/wp-content\/uploads\/2011\/07\/EXPERIMENT1-210x300.jpg","datePublished":"2011-07-21T09:55:06+00:00","dateModified":"2026-02-09T17:04:18+00:00","breadcrumb":{"@id":"https:\/\/kristinahazler.com\/sk\/skupina-experiment\/#breadcrumb"},"inLanguage":"sk-SK","potentialAction":[{"@type":"ReadAction","target":["https:\/\/kristinahazler.com\/sk\/skupina-experiment\/"]}]},{"@type":"ImageObject","inLanguage":"sk-SK","@id":"https:\/\/kristinahazler.com\/sk\/skupina-experiment\/#primaryimage","url":"http:\/\/kristinahazler.com\/wp-content\/uploads\/2011\/07\/EXPERIMENT1-210x300.jpg","contentUrl":"http:\/\/kristinahazler.com\/wp-content\/uploads\/2011\/07\/EXPERIMENT1-210x300.jpg"},{"@type":"BreadcrumbList","@id":"https:\/\/kristinahazler.com\/sk\/skupina-experiment\/#breadcrumb","itemListElement":[{"@type":"ListItem","position":1,"name":"Start","item":"https:\/\/kristinahazler.com\/sk\/"},{"@type":"ListItem","position":2,"name":"Skupina Experiment"}]},{"@type":"WebSite","@id":"https:\/\/kristinahazler.com\/sk\/#website","url":"https:\/\/kristinahazler.com\/sk\/","name":"NEUES BEWUSSTSEIN - Kristina Hazler","description":"Poradenstvo | Kou\u010ding | Terapia | Knihy | Blog","publisher":{"@id":"https:\/\/kristinahazler.com\/sk\/#organization"},"potentialAction":[{"@type":"SearchAction","target":{"@type":"EntryPoint","urlTemplate":"https:\/\/kristinahazler.com\/sk\/?s={search_term_string}"},"query-input":{"@type":"PropertyValueSpecification","valueRequired":true,"valueName":"search_term_string"}}],"inLanguage":"sk-SK"},{"@type":["Organization","Place"],"@id":"https:\/\/kristinahazler.com\/sk\/#organization","name":"Kristina Hazler","url":"https:\/\/kristinahazler.com\/sk\/","logo":{"@id":"https:\/\/kristinahazler.com\/sk\/skupina-experiment\/#local-main-organization-logo"},"image":{"@id":"https:\/\/kristinahazler.com\/sk\/skupina-experiment\/#local-main-organization-logo"},"sameAs":["https:\/\/www.facebook.com\/kristina.hazler\/","https:\/\/www.instagram.com\/kristinahazler_bewusstleben\/"],"address":{"@id":"https:\/\/kristinahazler.com\/sk\/skupina-experiment\/#local-main-place-address"},"geo":{"@type":"GeoCoordinates","latitude":"48.288049","longitude":"16.3649529"},"telephone":["+4369917113130","+4369919002013"],"openingHoursSpecification":[],"email":"info@kristinahazler.com","vatID":"ATU65839701"},{"@type":"PostalAddress","@id":"https:\/\/kristinahazler.com\/sk\/skupina-experiment\/#local-main-place-address","streetAddress":"BewusstseinsAkademie OG, Lagerstra\u00dfe 1-5\/2\/1","addressLocality":"Langenzersdorf","postalCode":"2103","addressCountry":"AT"},{"@type":"ImageObject","inLanguage":"sk-SK","@id":"https:\/\/kristinahazler.com\/sk\/skupina-experiment\/#local-main-organization-logo","url":"https:\/\/kristinahazler.com\/wp-content\/uploads\/Logo-Neues-Bewusstsein-rot.png","contentUrl":"https:\/\/kristinahazler.com\/wp-content\/uploads\/Logo-Neues-Bewusstsein-rot.png","width":500,"height":500,"caption":"Kristina Hazler"}]},"geo.placename":"Langenzersdorf","geo.position":{"lat":"48.288049","long":"16.3649529"},"geo.region":"Austria"},"acf":[],"jetpack-related-posts":[{"id":10533,"url":"https:\/\/kristinahazler.com\/sk\/transformacia-vedomia-a-rozvoj-osobnosti-knihy\/","url_meta":{"origin":1521,"position":0},"title":"Transform\u00e1cia vedomia a rozvoj osobnosti &#8211; Knihy","author":"Kristina Hazler","date":"14. okt\u00f3ber 2014","format":false,"excerpt":"Tu n\u00e1jde\u0161 preh\u013ead mojich publikovan\u00fdch kn\u00edh \u2013 zatia\u013e v\u0161etky len v nem\u010dine. Knihy si m\u00f4\u017ee\u0161 objedna\u0165 v klasickej, fyzickej, alebo v elektronickej (ebook) forme. Knihy sa daj\u00fa k\u00fapi\u0165 alebo objedna\u0165 v ka\u017edom kn\u00edhkupectve v nemecky hovoriacich krajin\u00e1ch a v internetovom obchode amazon.com ->, amazon.de ->\u00a0 Najjednoduch\u0161\u00ed sp\u00f4sob pre zasielanie na\u2026","rel":"","context":"Similar post","block_context":{"text":"Similar post","link":""},"img":{"alt_text":"Buchcover: Das Experiment","src":"https:\/\/i0.wp.com\/kristinahazler.com\/wp-content\/uploads\/2014\/07\/Erwachen-im-MenschSein-Das-Experiment-250x300.jpg?resize=350%2C200&ssl=1","width":350,"height":200},"classes":[]},{"id":551,"url":"https:\/\/kristinahazler.com\/sk\/transformacia-vedomia-a-rozvoj-osobnosti-knihy\/experiment-prebudenie-v-ludskom-byti\/","url_meta":{"origin":1521,"position":1},"title":"Prebudenie v \u013eudskom byt\u00ed &#8211; Experiment","author":"Kristina Hazler","date":"3. febru\u00e1r 2010","format":false,"excerpt":"Jedn\u00e9ho d\u0148a sa navz\u00e1jom stretn\u00fa dva zdanlivo re\u00e1lne svety: jeden - ten civilizovan\u00fd a druh\u00fd, ktor\u00fd vznikol na z\u00e1klade experimentu. Ian napriek svojim nezvy\u010dajn\u00fdm snom netu\u0161\u00ed o \u013eu\u010foch a svete mimo jeho vlastn\u00fdch \u201e\u0161tyroch stien\u201c, v ktor\u00fdch sa narodil a okrem ktor\u00fdch nepozn\u00e1 ni\u010d in\u00e9. Jeho rodi\u010dia, ktor\u00ed boli kedysi\u2026","rel":"","context":"In &quot;Vedom\u00fd \u017eivot&quot;","block_context":{"text":"Vedom\u00fd \u017eivot","link":"https:\/\/kristinahazler.com\/sk\/kategoria\/blog\/vedomy-zivot\/"},"img":{"alt_text":"Das Experiment&quot; Buchcover","src":"https:\/\/i0.wp.com\/kristinahazler.com\/wp-content\/uploads\/2014\/07\/Erwachen-im-MenschSein-Das-Experiment-250x300.jpg?resize=350%2C200&ssl=1","width":350,"height":200},"classes":[]},{"id":12574,"url":"https:\/\/kristinahazler.com\/sk\/poradenstvo\/energeticka-psychosomatika\/","url_meta":{"origin":1521,"position":2},"title":"Energetick\u00e1 psychosomatika \u00a9","author":"Kristina Hazler","date":"24. febru\u00e1r 2019","format":false,"excerpt":"Poradenstvo a kou\u010dovanie v r\u00e1mci Energetickej psychosomatiky Energetick\u00e1 psychosomatika poskytuje mo\u017enos\u0165, pozrie\u0165 sa na tzv. psychosomatick\u00e9 ochorenia, \u0165a\u017ekosti a pr\u00ed\u010diny z\u00a0roz\u0161\u00edren\u00e9ho uh\u013ea poh\u013eadu, ktor\u00fd zah\u0155\u0148a dodato\u010dn\u00e9 aspekty vplyvu na \u013eudsk\u00e9 zdravie,\u00a0psychick\u00fa a\u00a0du\u0161evn\u00fa vyv\u00e1\u017eenos\u0165. Psychosomatika a energia Takmer cel\u00fd m\u00f4j \u017eivot sa zaober\u00e1m psychosomatick\u00fdmi boles\u0165ami, \u0165a\u017ekos\u0165ami, pr\u00edznakmi a\u00a0ich lie\u010dbou, alebo optim\u00e1lnym\u2026","rel":"","context":"Similar post","block_context":{"text":"Similar post","link":""},"img":{"alt_text":"Frau meditiert in Padmasana auf Yogamatte","src":"https:\/\/i0.wp.com\/kristinahazler.com\/wp-content\/uploads\/2019\/02\/shutterstock_1033858492-kl-1024x683.jpg?resize=350%2C200&ssl=1","width":350,"height":200},"classes":[]},{"id":1557,"url":"https:\/\/kristinahazler.com\/sk\/projekt-experiment\/","url_meta":{"origin":1521,"position":3},"title":"Projekt Experiment","author":"Kristina Hazler","date":"22. j\u00fal 2011","format":false,"excerpt":"Projekt Experiment je z\u00e1zrak. Vznikol z jedn\u00e9ho d\u0148a na druh\u00fd. Nikto o \u0148om netu\u0161il a ani ho vedome nepl\u00e1noval. Pri ve\u010dernej prech\u00e1dzke s man\u017eelom \u00faprimne z h\u013abky mojej du\u0161e zaznelo: \u201cVe\u010f som preboha Slovenka. Nemali by vyjs\u0165 moje knihy aj v sloven\u010dine? Ale ako? Sama si ich prelo\u017ei\u0165? E\u0161te raz\u2026","rel":"","context":"Similar post","block_context":{"text":"Similar post","link":""},"img":{"alt_text":"","src":"","width":0,"height":0},"classes":[]},{"id":38437,"url":"https:\/\/kristinahazler.com\/sk\/nove-vedomie\/","url_meta":{"origin":1521,"position":4},"title":"Nov\u00e9 vedomie","author":"Kristina Hazler","date":"5. April 2019","format":false,"excerpt":"Zisti viac o Novom vedom\u00ed a s n\u00edm s\u00favisiacimi t\u00e9mami, ako je proces vedomia, transform\u00e1cia vedomia a pr\u00e1ca s vedom\u00edm.","rel":"","context":"Similar post","block_context":{"text":"Similar post","link":""},"img":{"alt_text":"Logo Nov\u00e9 vedomie od Kristina Hazler","src":"https:\/\/i0.wp.com\/kristinahazler.com\/wp-content\/uploads\/bilder\/logo\/logo-neues-bewusstsein-150x150.jpg?resize=350%2C200&ssl=1","width":350,"height":200},"classes":[]},{"id":38517,"url":"https:\/\/kristinahazler.com\/sk\/poradenstvo\/aspektologia-symptomy-prebudenia-a-sebaintegracia\/","url_meta":{"origin":1521,"position":5},"title":"Aspektol\u00f3gia, sympt\u00f3my prebudenia a (seba)integr\u00e1cia","author":"Kristina Hazler","date":"9. j\u00fal 2017","format":false,"excerpt":"Aspektol\u00f3gia - vy\u0161\u0161ie umenie pr\u00e1ce s vedom\u00edm. Zisti viac o integr\u00e1cii \u010dast\u00ed osobnosti alebo aspektov osobnosti a o r\u00f4znych fyzick\u00fdch, psychologick\u00fdch a energetick\u00fdch sympt\u00f3moch po\u010das procesu integr\u00e1cie a o technik\u00e1ch a terapi\u00e1ch, ktor\u00e9 m\u00f4\u017eu podpori\u0165 holistick\u00fa sebaintegr\u00e1ciu.","rel":"","context":"Similar post","block_context":{"text":"Similar post","link":""},"img":{"alt_text":"Aspektol\u00f3gia, sympt\u00f3my prebudenia a (seba)integr\u00e1cia","src":"https:\/\/i0.wp.com\/kristinahazler.com\/wp-content\/uploads\/bilder\/logo\/logo-neues-bewusstsein-150x150.jpg?resize=350%2C200&ssl=1","width":350,"height":200},"classes":[]}],"jetpack_shortlink":"https:\/\/wp.me\/P5J1tM-ox","jetpack_sharing_enabled":true,"_links":{"self":[{"href":"https:\/\/kristinahazler.com\/sk\/wp-json\/wp\/v2\/pages\/1521","targetHints":{"allow":["GET"]}}],"collection":[{"href":"https:\/\/kristinahazler.com\/sk\/wp-json\/wp\/v2\/pages"}],"about":[{"href":"https:\/\/kristinahazler.com\/sk\/wp-json\/wp\/v2\/types\/page"}],"author":[{"embeddable":true,"href":"https:\/\/kristinahazler.com\/sk\/wp-json\/wp\/v2\/users\/1"}],"replies":[{"embeddable":true,"href":"https:\/\/kristinahazler.com\/sk\/wp-json\/wp\/v2\/comments?post=1521"}],"version-history":[{"count":0,"href":"https:\/\/kristinahazler.com\/sk\/wp-json\/wp\/v2\/pages\/1521\/revisions"}],"wp:attachment":[{"href":"https:\/\/kristinahazler.com\/sk\/wp-json\/wp\/v2\/media?parent=1521"}],"curies":[{"name":"wp","href":"https:\/\/api.w.org\/{rel}","templated":true}]}}