{"id":586,"date":"2010-02-03T11:56:04","date_gmt":"2010-02-03T10:56:04","guid":{"rendered":"http:\/\/kristinahazler.com\/?page_id=586"},"modified":"2024-08-26T18:31:54","modified_gmt":"2024-08-26T16:31:54","slug":"trening-vedomia-ludsky-paradox","status":"publish","type":"page","link":"https:\/\/kristinahazler.com\/sk\/transformacia-vedomia-a-rozvoj-osobnosti-knihy\/trening-vedomia-ludsky-paradox\/","title":{"rendered":"Tr\u00e9ning vedomia \u2013 \u013dudsk\u00fd paradox"},"content":{"rendered":"<h2>Kni\u017en\u00e1 rada &#8222;Tr\u00e9ning vedomia&#8220;<\/h2>\n<p><em>Autentick\u00e9, (pod)vedomie transformuj\u00face kou\u010dingy s duchovn\u00fdm\u00a0kou\u010dom\u00a0\u201eNov\u00e9ho Veku\u201c.\u00a0Ka\u017ed\u00fd diel obsahuje viacero kou\u010dingov k\u00a0ur\u010dit\u00fdm\u00a0t\u00e9mam v\u00a0d\u013a\u017eke\u00a0jedn\u00e9ho kou\u010dingoveho sedenia (cca. 2 hodiny)\/kapitolu.<\/em><\/p>\n<p>6 dielov:<\/p>\n<ol>\n<li><strong>\u013dudsk\u00fd paradox <\/strong>(2010)<\/li>\n<li><strong>Prevr\u00e1ten\u00e1 logika <\/strong>(2012)<\/li>\n<li><strong>Umenie vn\u00edmania <\/strong>(2014)<\/li>\n<li><strong>Prekra\u010dovanie hran\u00edc I <\/strong>(2015)<\/li>\n<li><strong>Prekra\u010dovanie hran\u00edc II <\/strong>(2015)<\/li>\n<li><strong>Vn\u00fatorn\u00e1\u00a0in\u0161tancia\/autorita <\/strong>(2017)<\/li>\n<\/ol>\n<p>&nbsp;<\/p>\n<h2>\u013dudsk\u00fd paradox<\/h2>\n<p>Prv\u00fd diel &#8222;<strong>Tr\u00e9ning vedomia \u2013 \u013dudsk\u00fd paradox<\/strong>&#8220; opisuje v \u017eiv\u00fdch a rozmanit\u00fdch pr\u00edbehoch a rozhovoroch ve\u013ek\u00e9 a mal\u00e9 \u00fatrapy ka\u017edodenn\u00e9ho \u017eivota. Tieto rozhovory \u2013 ako synonymum v\u00fdmeny a komunik\u00e1cie \u2013 sa odohr\u00e1vaj\u00fa na r\u00f4znych \u00farovniach vedomia a sprev\u00e1dzaj\u00fa \u010ditate\u013eov na dobrodru\u017enej a fascinuj\u00facej ceste vlastn\u00e9ho preb\u00fadzania a spozn\u00e1vania sa.<\/p>\n<p><a href=\"https:\/\/kristinahazler.com\/sk\/trening-vedomia-ludsky-paradox\/\" target=\"_self\" rel=\"noopener\">Recenzia <\/a><\/p>\n<p><span style=\"color: #ffffff;\">xxx<br \/>\n<\/span>ISBN: 978-3-9502586-8-4<br \/>\nautorka: Kristina Hazler<br \/>\nrozsah: 180 str\u00e1n, zatia\u013e len v nem\u010dine<br \/>\nprv\u00e9 vydanie: 2010<\/p>\n<p><span style=\"color: #ffffff;\">xxx<\/span><\/p>\n","protected":false},"excerpt":{"rendered":"<p>Kni\u017en\u00e1 rada &#8222;Tr\u00e9ning vedomia&#8220; Autentick\u00e9, (pod)vedomie transformuj\u00face kou\u010dingy s duchovn\u00fdm\u00a0kou\u010dom\u00a0\u201eNov\u00e9ho Veku\u201c.\u00a0Ka\u017ed\u00fd diel obsahuje viacero kou\u010dingov k\u00a0ur\u010dit\u00fdm\u00a0t\u00e9mam v\u00a0d\u013a\u017eke\u00a0jedn\u00e9ho kou\u010dingoveho sedenia (cca.<\/p>\n","protected":false},"author":1,"featured_media":0,"parent":10533,"menu_order":4,"comment_status":"closed","ping_status":"closed","template":"","meta":{"site-sidebar-layout":"default","site-content-layout":"","ast-site-content-layout":"default","site-content-style":"default","site-sidebar-style":"default","ast-global-header-display":"","ast-banner-title-visibility":"","ast-main-header-display":"","ast-hfb-above-header-display":"","ast-hfb-below-header-display":"","ast-hfb-mobile-header-display":"","site-post-title":"","ast-breadcrumbs-content":"","ast-featured-img":"","footer-sml-layout":"","ast-disable-related-posts":"","theme-transparent-header-meta":"default","adv-header-id-meta":"","stick-header-meta":"default","header-above-stick-meta":"","header-main-stick-meta":"","header-below-stick-meta":"","astra-migrate-meta-layouts":"default","ast-page-background-enabled":"default","ast-page-background-meta":{"desktop":{"background-color":"var(--ast-global-color-4)","background-image":"","background-repeat":"repeat","background-position":"center center","background-size":"auto","background-attachment":"scroll","background-type":"","background-media":"","overlay-type":"","overlay-color":"","overlay-opacity":"","overlay-gradient":""},"tablet":{"background-color":"","background-image":"","background-repeat":"repeat","background-position":"center center","background-size":"auto","background-attachment":"scroll","background-type":"","background-media":"","overlay-type":"","overlay-color":"","overlay-opacity":"","overlay-gradient":""},"mobile":{"background-color":"","background-image":"","background-repeat":"repeat","background-position":"center center","background-size":"auto","background-attachment":"scroll","background-type":"","background-media":"","overlay-type":"","overlay-color":"","overlay-opacity":"","overlay-gradient":""}},"ast-content-background-meta":{"desktop":{"background-color":"var(--ast-global-color-5)","background-image":"","background-repeat":"repeat","background-position":"center center","background-size":"auto","background-attachment":"scroll","background-type":"","background-media":"","overlay-type":"","overlay-color":"","overlay-opacity":"","overlay-gradient":""},"tablet":{"background-color":"var(--ast-global-color-5)","background-image":"","background-repeat":"repeat","background-position":"center center","background-size":"auto","background-attachment":"scroll","background-type":"","background-media":"","overlay-type":"","overlay-color":"","overlay-opacity":"","overlay-gradient":""},"mobile":{"background-color":"var(--ast-global-color-5)","background-image":"","background-repeat":"repeat","background-position":"center center","background-size":"auto","background-attachment":"scroll","background-type":"","background-media":"","overlay-type":"","overlay-color":"","overlay-opacity":"","overlay-gradient":""}},"jetpack_post_was_ever_published":false,"footnotes":""},"class_list":["post-586","page","type-page","status-publish","hentry"],"yoast_head":"<!-- This site is optimized with the Yoast SEO Premium plugin v27.4 (Yoast SEO v27.4) - https:\/\/yoast.com\/product\/yoast-seo-premium-wordpress\/ -->\n<title>Tr\u00e9ning vedomia \u2013 \u013dudsk\u00fd paradox | NOV\u00c9 VEDOMIE - Krist\u00edna Hazler<\/title>\n<meta name=\"robots\" content=\"index, follow, max-snippet:-1, max-image-preview:large, max-video-preview:-1\" \/>\n<link rel=\"canonical\" href=\"https:\/\/kristinahazler.com\/sk\/transformacia-vedomia-a-rozvoj-osobnosti-knihy\/trening-vedomia-ludsky-paradox\/\" \/>\n<meta property=\"og:locale\" content=\"sk_SK\" \/>\n<meta property=\"og:type\" content=\"article\" \/>\n<meta property=\"og:title\" content=\"Tr\u00e9ning vedomia \u2013 \u013dudsk\u00fd paradox\" \/>\n<meta property=\"og:description\" content=\"Kni\u017en\u00e1 rada &#8222;Tr\u00e9ning vedomia&#8220; Autentick\u00e9, (pod)vedomie transformuj\u00face kou\u010dingy s duchovn\u00fdm\u00a0kou\u010dom\u00a0\u201eNov\u00e9ho Veku\u201c.\u00a0Ka\u017ed\u00fd diel obsahuje viacero kou\u010dingov k\u00a0ur\u010dit\u00fdm\u00a0t\u00e9mam v\u00a0d\u013a\u017eke\u00a0jedn\u00e9ho kou\u010dingoveho sedenia (cca.\" \/>\n<meta property=\"og:url\" content=\"https:\/\/kristinahazler.com\/sk\/transformacia-vedomia-a-rozvoj-osobnosti-knihy\/trening-vedomia-ludsky-paradox\/\" \/>\n<meta property=\"og:site_name\" content=\"NOV\u00c9 VEDOMIE - Krist\u00edna Hazler\" \/>\n<meta property=\"article:publisher\" content=\"https:\/\/www.facebook.com\/kristina.hazler\/\" \/>\n<meta property=\"article:modified_time\" content=\"2024-08-26T16:31:54+00:00\" \/>\n<meta name=\"twitter:card\" content=\"summary_large_image\" \/>\n<meta name=\"twitter:label1\" content=\"Est. reading time\" \/>\n\t<meta name=\"twitter:data1\" content=\"1 minute\" \/>\n<script type=\"application\/ld+json\" class=\"yoast-schema-graph\">{\"@context\":\"https:\\\/\\\/schema.org\",\"@graph\":[{\"@type\":\"WebPage\",\"@id\":\"https:\\\/\\\/kristinahazler.com\\\/sk\\\/transformacia-vedomia-a-rozvoj-osobnosti-knihy\\\/trening-vedomia-ludsky-paradox\\\/\",\"url\":\"https:\\\/\\\/kristinahazler.com\\\/sk\\\/transformacia-vedomia-a-rozvoj-osobnosti-knihy\\\/trening-vedomia-ludsky-paradox\\\/\",\"name\":\"Tr\u00e9ning vedomia \u2013 \u013dudsk\u00fd paradox | NOV\u00c9 VEDOMIE - Krist\u00edna Hazler\",\"isPartOf\":{\"@id\":\"https:\\\/\\\/kristinahazler.com\\\/sk\\\/#website\"},\"datePublished\":\"2010-02-03T10:56:04+00:00\",\"dateModified\":\"2024-08-26T16:31:54+00:00\",\"breadcrumb\":{\"@id\":\"https:\\\/\\\/kristinahazler.com\\\/sk\\\/transformacia-vedomia-a-rozvoj-osobnosti-knihy\\\/trening-vedomia-ludsky-paradox\\\/#breadcrumb\"},\"inLanguage\":\"sk-SK\",\"potentialAction\":[{\"@type\":\"ReadAction\",\"target\":[\"https:\\\/\\\/kristinahazler.com\\\/sk\\\/transformacia-vedomia-a-rozvoj-osobnosti-knihy\\\/trening-vedomia-ludsky-paradox\\\/\"]}]},{\"@type\":\"BreadcrumbList\",\"@id\":\"https:\\\/\\\/kristinahazler.com\\\/sk\\\/transformacia-vedomia-a-rozvoj-osobnosti-knihy\\\/trening-vedomia-ludsky-paradox\\\/#breadcrumb\",\"itemListElement\":[{\"@type\":\"ListItem\",\"position\":1,\"name\":\"Start\",\"item\":\"https:\\\/\\\/kristinahazler.com\\\/sk\\\/\"},{\"@type\":\"ListItem\",\"position\":2,\"name\":\"Transform\u00e1cia vedomia a rozvoj osobnosti &#8211; Knihy\",\"item\":\"https:\\\/\\\/kristinahazler.com\\\/sk\\\/transformacia-vedomia-a-rozvoj-osobnosti-knihy\\\/\"},{\"@type\":\"ListItem\",\"position\":3,\"name\":\"Tr\u00e9ning vedomia \u2013 \u013dudsk\u00fd paradox\"}]},{\"@type\":\"WebSite\",\"@id\":\"https:\\\/\\\/kristinahazler.com\\\/sk\\\/#website\",\"url\":\"https:\\\/\\\/kristinahazler.com\\\/sk\\\/\",\"name\":\"NEUES BEWUSSTSEIN - Kristina Hazler\",\"description\":\"Poradenstvo | Kou\u010ding | Terapia | Knihy | Blog\",\"publisher\":{\"@id\":\"https:\\\/\\\/kristinahazler.com\\\/sk\\\/#organization\"},\"potentialAction\":[{\"@type\":\"SearchAction\",\"target\":{\"@type\":\"EntryPoint\",\"urlTemplate\":\"https:\\\/\\\/kristinahazler.com\\\/sk\\\/?s={search_term_string}\"},\"query-input\":{\"@type\":\"PropertyValueSpecification\",\"valueRequired\":true,\"valueName\":\"search_term_string\"}}],\"inLanguage\":\"sk-SK\"},{\"@type\":[\"Organization\",\"Place\"],\"@id\":\"https:\\\/\\\/kristinahazler.com\\\/sk\\\/#organization\",\"name\":\"Kristina Hazler\",\"url\":\"https:\\\/\\\/kristinahazler.com\\\/sk\\\/\",\"logo\":{\"@id\":\"https:\\\/\\\/kristinahazler.com\\\/sk\\\/transformacia-vedomia-a-rozvoj-osobnosti-knihy\\\/trening-vedomia-ludsky-paradox\\\/#local-main-organization-logo\"},\"image\":{\"@id\":\"https:\\\/\\\/kristinahazler.com\\\/sk\\\/transformacia-vedomia-a-rozvoj-osobnosti-knihy\\\/trening-vedomia-ludsky-paradox\\\/#local-main-organization-logo\"},\"sameAs\":[\"https:\\\/\\\/www.facebook.com\\\/kristina.hazler\\\/\",\"https:\\\/\\\/www.instagram.com\\\/kristinahazler_bewusstleben\\\/\"],\"address\":{\"@id\":\"https:\\\/\\\/kristinahazler.com\\\/sk\\\/transformacia-vedomia-a-rozvoj-osobnosti-knihy\\\/trening-vedomia-ludsky-paradox\\\/#local-main-place-address\"},\"geo\":{\"@type\":\"GeoCoordinates\",\"latitude\":\"48.288049\",\"longitude\":\"16.3649529\"},\"telephone\":[\"+4369917113130\",\"+4369919002013\"],\"openingHoursSpecification\":[],\"email\":\"info@kristinahazler.com\",\"vatID\":\"ATU65839701\"},{\"@type\":\"PostalAddress\",\"@id\":\"https:\\\/\\\/kristinahazler.com\\\/sk\\\/transformacia-vedomia-a-rozvoj-osobnosti-knihy\\\/trening-vedomia-ludsky-paradox\\\/#local-main-place-address\",\"streetAddress\":\"BewusstseinsAkademie OG, Lagerstra\u00dfe 1-5\\\/2\\\/1\",\"addressLocality\":\"Langenzersdorf\",\"postalCode\":\"2103\",\"addressCountry\":\"AT\"},{\"@type\":\"ImageObject\",\"inLanguage\":\"sk-SK\",\"@id\":\"https:\\\/\\\/kristinahazler.com\\\/sk\\\/transformacia-vedomia-a-rozvoj-osobnosti-knihy\\\/trening-vedomia-ludsky-paradox\\\/#local-main-organization-logo\",\"url\":\"https:\\\/\\\/kristinahazler.com\\\/wp-content\\\/uploads\\\/Logo-Neues-Bewusstsein-rot.png\",\"contentUrl\":\"https:\\\/\\\/kristinahazler.com\\\/wp-content\\\/uploads\\\/Logo-Neues-Bewusstsein-rot.png\",\"width\":500,\"height\":500,\"caption\":\"Kristina Hazler\"}]}<\/script>\n<meta name=\"geo.placename\" content=\"Langenzersdorf\" \/>\n<meta name=\"geo.position\" content=\"48.288049;16.3649529\" \/>\n<meta name=\"geo.region\" content=\"Austria\" \/>\n<!-- \/ Yoast SEO Premium plugin. -->","yoast_head_json":{"title":"Tr\u00e9ning vedomia \u2013 \u013dudsk\u00fd paradox | NOV\u00c9 VEDOMIE - Krist\u00edna Hazler","robots":{"index":"index","follow":"follow","max-snippet":"max-snippet:-1","max-image-preview":"max-image-preview:large","max-video-preview":"max-video-preview:-1"},"canonical":"https:\/\/kristinahazler.com\/sk\/transformacia-vedomia-a-rozvoj-osobnosti-knihy\/trening-vedomia-ludsky-paradox\/","og_locale":"sk_SK","og_type":"article","og_title":"Tr\u00e9ning vedomia \u2013 \u013dudsk\u00fd paradox","og_description":"Kni\u017en\u00e1 rada &#8222;Tr\u00e9ning vedomia&#8220; Autentick\u00e9, (pod)vedomie transformuj\u00face kou\u010dingy s duchovn\u00fdm\u00a0kou\u010dom\u00a0\u201eNov\u00e9ho Veku\u201c.\u00a0Ka\u017ed\u00fd diel obsahuje viacero kou\u010dingov k\u00a0ur\u010dit\u00fdm\u00a0t\u00e9mam v\u00a0d\u013a\u017eke\u00a0jedn\u00e9ho kou\u010dingoveho sedenia (cca.","og_url":"https:\/\/kristinahazler.com\/sk\/transformacia-vedomia-a-rozvoj-osobnosti-knihy\/trening-vedomia-ludsky-paradox\/","og_site_name":"NOV\u00c9 VEDOMIE - Krist\u00edna Hazler","article_publisher":"https:\/\/www.facebook.com\/kristina.hazler\/","article_modified_time":"2024-08-26T16:31:54+00:00","twitter_card":"summary_large_image","twitter_misc":{"Est. reading time":"1 minute"},"schema":{"@context":"https:\/\/schema.org","@graph":[{"@type":"WebPage","@id":"https:\/\/kristinahazler.com\/sk\/transformacia-vedomia-a-rozvoj-osobnosti-knihy\/trening-vedomia-ludsky-paradox\/","url":"https:\/\/kristinahazler.com\/sk\/transformacia-vedomia-a-rozvoj-osobnosti-knihy\/trening-vedomia-ludsky-paradox\/","name":"Tr\u00e9ning vedomia \u2013 \u013dudsk\u00fd paradox | NOV\u00c9 VEDOMIE - Krist\u00edna Hazler","isPartOf":{"@id":"https:\/\/kristinahazler.com\/sk\/#website"},"datePublished":"2010-02-03T10:56:04+00:00","dateModified":"2024-08-26T16:31:54+00:00","breadcrumb":{"@id":"https:\/\/kristinahazler.com\/sk\/transformacia-vedomia-a-rozvoj-osobnosti-knihy\/trening-vedomia-ludsky-paradox\/#breadcrumb"},"inLanguage":"sk-SK","potentialAction":[{"@type":"ReadAction","target":["https:\/\/kristinahazler.com\/sk\/transformacia-vedomia-a-rozvoj-osobnosti-knihy\/trening-vedomia-ludsky-paradox\/"]}]},{"@type":"BreadcrumbList","@id":"https:\/\/kristinahazler.com\/sk\/transformacia-vedomia-a-rozvoj-osobnosti-knihy\/trening-vedomia-ludsky-paradox\/#breadcrumb","itemListElement":[{"@type":"ListItem","position":1,"name":"Start","item":"https:\/\/kristinahazler.com\/sk\/"},{"@type":"ListItem","position":2,"name":"Transform\u00e1cia vedomia a rozvoj osobnosti &#8211; Knihy","item":"https:\/\/kristinahazler.com\/sk\/transformacia-vedomia-a-rozvoj-osobnosti-knihy\/"},{"@type":"ListItem","position":3,"name":"Tr\u00e9ning vedomia \u2013 \u013dudsk\u00fd paradox"}]},{"@type":"WebSite","@id":"https:\/\/kristinahazler.com\/sk\/#website","url":"https:\/\/kristinahazler.com\/sk\/","name":"NEUES BEWUSSTSEIN - Kristina Hazler","description":"Poradenstvo | Kou\u010ding | Terapia | Knihy | Blog","publisher":{"@id":"https:\/\/kristinahazler.com\/sk\/#organization"},"potentialAction":[{"@type":"SearchAction","target":{"@type":"EntryPoint","urlTemplate":"https:\/\/kristinahazler.com\/sk\/?s={search_term_string}"},"query-input":{"@type":"PropertyValueSpecification","valueRequired":true,"valueName":"search_term_string"}}],"inLanguage":"sk-SK"},{"@type":["Organization","Place"],"@id":"https:\/\/kristinahazler.com\/sk\/#organization","name":"Kristina Hazler","url":"https:\/\/kristinahazler.com\/sk\/","logo":{"@id":"https:\/\/kristinahazler.com\/sk\/transformacia-vedomia-a-rozvoj-osobnosti-knihy\/trening-vedomia-ludsky-paradox\/#local-main-organization-logo"},"image":{"@id":"https:\/\/kristinahazler.com\/sk\/transformacia-vedomia-a-rozvoj-osobnosti-knihy\/trening-vedomia-ludsky-paradox\/#local-main-organization-logo"},"sameAs":["https:\/\/www.facebook.com\/kristina.hazler\/","https:\/\/www.instagram.com\/kristinahazler_bewusstleben\/"],"address":{"@id":"https:\/\/kristinahazler.com\/sk\/transformacia-vedomia-a-rozvoj-osobnosti-knihy\/trening-vedomia-ludsky-paradox\/#local-main-place-address"},"geo":{"@type":"GeoCoordinates","latitude":"48.288049","longitude":"16.3649529"},"telephone":["+4369917113130","+4369919002013"],"openingHoursSpecification":[],"email":"info@kristinahazler.com","vatID":"ATU65839701"},{"@type":"PostalAddress","@id":"https:\/\/kristinahazler.com\/sk\/transformacia-vedomia-a-rozvoj-osobnosti-knihy\/trening-vedomia-ludsky-paradox\/#local-main-place-address","streetAddress":"BewusstseinsAkademie OG, Lagerstra\u00dfe 1-5\/2\/1","addressLocality":"Langenzersdorf","postalCode":"2103","addressCountry":"AT"},{"@type":"ImageObject","inLanguage":"sk-SK","@id":"https:\/\/kristinahazler.com\/sk\/transformacia-vedomia-a-rozvoj-osobnosti-knihy\/trening-vedomia-ludsky-paradox\/#local-main-organization-logo","url":"https:\/\/kristinahazler.com\/wp-content\/uploads\/Logo-Neues-Bewusstsein-rot.png","contentUrl":"https:\/\/kristinahazler.com\/wp-content\/uploads\/Logo-Neues-Bewusstsein-rot.png","width":500,"height":500,"caption":"Kristina Hazler"}]},"geo.placename":"Langenzersdorf","geo.position":{"lat":"48.288049","long":"16.3649529"},"geo.region":"Austria"},"acf":[],"jetpack-related-posts":[{"id":61804,"url":"https:\/\/kristinahazler.com\/sk\/","url_meta":{"origin":586,"position":0},"title":"NOV\u00c9 VEDOMIE &#8211; Krist\u00edna Hazler","author":"Kristina Hazler","date":"8. december 2024","format":false,"excerpt":"1000+ spokojn\u00fdch klientov 20+ rokov kou\u010dinkov\u00fdch sk\u00fasenost\u00ed 11 kn\u00edh 15 eBooks N\u00e1jde\u0161 ma v mojej praxi v bl\u00edzkosti Viedne alebo celosvetovo online cez Zoom alebo na soci\u00e1lnych sie\u0165ach(FB, TELEGRAM, INSTA) moje knihy na amazon.de moje aktu\u00e1lne pr\u00edspevky tu na str\u00e1nke \"blog\" a na Substack Vitajte na mojej domovskej str\u00e1nke! V\u2026","rel":"","context":"Similar post","block_context":{"text":"Similar post","link":""},"img":{"alt_text":"Logo: Rotes Blatt-Symbol mit Tropfen","src":"https:\/\/i0.wp.com\/kristinahazler.com\/wp-content\/uploads\/Icon-Neues-Bewusstsein-rot.png?resize=350%2C200&ssl=1","width":350,"height":200},"classes":[]},{"id":10297,"url":"https:\/\/kristinahazler.com\/sk\/poradenstvo\/","url_meta":{"origin":586,"position":1},"title":"Poradenstvo, kou\u010ding, tr\u00e9ning, terapia","author":"Kristina Hazler","date":"24. September 2017","format":false,"excerpt":"Prebu\u010f svoje vedomie! Ako sk\u00fasen\u00e1 poradky\u0148a pon\u00fakam individu\u00e1lne poradenstvo, kou\u010dovanie a terapiu pri pr\u00e1ci s podvedom\u00edm a podporujem \u013eud\u00ed pri rie\u0161en\u00ed ich osobn\u00fdch v\u00fdziev a cie\u013eov. M\u00f4j pr\u00edstup je zalo\u017een\u00fd na pr\u00e1ci s vedom\u00edm a energetickej psychosomatike, ktor\u00e1 zah\u0155\u0148a telo, myse\u013e, du\u0161u, vedomie a energetick\u00fd syst\u00e9m.","rel":"","context":"Similar post","block_context":{"text":"Similar post","link":""},"img":{"alt_text":"Nov\u00e9 vedomie - Poradenstvo | Kristina Hazler","src":"https:\/\/i0.wp.com\/kristinahazler.com\/wp-content\/uploads\/bilder\/logo\/logo-neues-bewusstsein-150x150.jpg?resize=350%2C200&ssl=1","width":350,"height":200},"classes":[]},{"id":10516,"url":"https:\/\/kristinahazler.com\/sk\/profil-kristina-hazler-sk\/referencie\/","url_meta":{"origin":586,"position":2},"title":"Referencie","author":"Kristina Hazler","date":"25. j\u00fan 2018","format":false,"excerpt":"Chronologick\u00fd v\u00fd\u0148atok mojich\u00a0be\u017en\u00fdch\u00a0profesion\u00e1lnych aktiv\u00edt: Priebe\u017en\u00e9 aktu\u00e1lne \u010dinnosti 2004 \u2013 2026\u00a0 \u00a0 kou\u010ding uvedomenia a vedomia, tr\u00e9ning uvedomenia a vedomia, terapia (pod)vedomia (v r\u00e1mci EU) 2004 \u2013 2026\u00a0 \u00a0 vzdel\u00e1vacia \u010dinnos\u0165 (v r\u00e1mci EU) 2009 \u2013 2026\u00a0 \u00a0 vedenie firmy BewusstseinsAkademie OG 2009 \u2013 2026\u00a0 \u00a0 vydavate\u013esk\u00e1 \u010dinnos\u0165 v r\u00e1mci BewusstseinsAkademie\u2026","rel":"","context":"In &quot;Vedom\u00fd \u017eivot&quot;","block_context":{"text":"Vedom\u00fd \u017eivot","link":"https:\/\/kristinahazler.com\/sk\/kategoria\/blog\/vedomy-zivot\/"},"img":{"alt_text":"","src":"","width":0,"height":0},"classes":[]},{"id":38437,"url":"https:\/\/kristinahazler.com\/sk\/nove-vedomie\/","url_meta":{"origin":586,"position":3},"title":"Nov\u00e9 vedomie","author":"Kristina Hazler","date":"5. April 2019","format":false,"excerpt":"Zisti viac o Novom vedom\u00ed a s n\u00edm s\u00favisiacimi t\u00e9mami, ako je proces vedomia, transform\u00e1cia vedomia a pr\u00e1ca s vedom\u00edm.","rel":"","context":"Similar post","block_context":{"text":"Similar post","link":""},"img":{"alt_text":"Logo Nov\u00e9 vedomie od Kristina Hazler","src":"https:\/\/i0.wp.com\/kristinahazler.com\/wp-content\/uploads\/bilder\/logo\/logo-neues-bewusstsein-150x150.jpg?resize=350%2C200&ssl=1","width":350,"height":200},"classes":[]},{"id":10533,"url":"https:\/\/kristinahazler.com\/sk\/transformacia-vedomia-a-rozvoj-osobnosti-knihy\/","url_meta":{"origin":586,"position":4},"title":"Transform\u00e1cia vedomia a rozvoj osobnosti &#8211; Knihy","author":"Kristina Hazler","date":"14. okt\u00f3ber 2014","format":false,"excerpt":"Tu n\u00e1jde\u0161 preh\u013ead mojich publikovan\u00fdch kn\u00edh \u2013 zatia\u013e v\u0161etky len v nem\u010dine. Knihy si m\u00f4\u017ee\u0161 objedna\u0165 v klasickej, fyzickej, alebo v elektronickej (ebook) forme. Knihy sa daj\u00fa k\u00fapi\u0165 alebo objedna\u0165 v ka\u017edom kn\u00edhkupectve v nemecky hovoriacich krajin\u00e1ch a v internetovom obchode amazon.com ->, amazon.de ->\u00a0 Najjednoduch\u0161\u00ed sp\u00f4sob pre zasielanie na\u2026","rel":"","context":"Similar post","block_context":{"text":"Similar post","link":""},"img":{"alt_text":"Buchcover: Das Experiment","src":"https:\/\/i0.wp.com\/kristinahazler.com\/wp-content\/uploads\/2014\/07\/Erwachen-im-MenschSein-Das-Experiment-250x300.jpg?resize=350%2C200&ssl=1","width":350,"height":200},"classes":[]},{"id":45558,"url":"https:\/\/kristinahazler.com\/sk\/nove-vedomie\/praca-s-vedomim\/","url_meta":{"origin":586,"position":5},"title":"Pr\u00e1ca s vedom\u00edm","author":"Kristina Hazler","date":"7. April 2019","format":false,"excerpt":"\u010co je pr\u00e1ca s vedom\u00edm, ako sa vykon\u00e1va a za ak\u00fdch podmienok m\u00e1 trval\u00fd transforma\u010dn\u00fd a vedomie roz\u0161iruj\u00faci \u00fa\u010dinok?","rel":"","context":"Similar post","block_context":{"text":"Similar post","link":""},"img":{"alt_text":"Logo Nov\u00e9 Vedomie od Kristina Hazler","src":"https:\/\/i0.wp.com\/kristinahazler.com\/wp-content\/uploads\/bilder\/logo\/logo-neues-bewusstsein.jpg?resize=350%2C200&ssl=1","width":350,"height":200},"classes":[]}],"jetpack_shortlink":"https:\/\/wp.me\/P5J1tM-9s","jetpack_sharing_enabled":true,"_links":{"self":[{"href":"https:\/\/kristinahazler.com\/sk\/wp-json\/wp\/v2\/pages\/586","targetHints":{"allow":["GET"]}}],"collection":[{"href":"https:\/\/kristinahazler.com\/sk\/wp-json\/wp\/v2\/pages"}],"about":[{"href":"https:\/\/kristinahazler.com\/sk\/wp-json\/wp\/v2\/types\/page"}],"author":[{"embeddable":true,"href":"https:\/\/kristinahazler.com\/sk\/wp-json\/wp\/v2\/users\/1"}],"replies":[{"embeddable":true,"href":"https:\/\/kristinahazler.com\/sk\/wp-json\/wp\/v2\/comments?post=586"}],"version-history":[{"count":0,"href":"https:\/\/kristinahazler.com\/sk\/wp-json\/wp\/v2\/pages\/586\/revisions"}],"up":[{"embeddable":true,"href":"https:\/\/kristinahazler.com\/sk\/wp-json\/wp\/v2\/pages\/10533"}],"wp:attachment":[{"href":"https:\/\/kristinahazler.com\/sk\/wp-json\/wp\/v2\/media?parent=586"}],"curies":[{"name":"wp","href":"https:\/\/api.w.org\/{rel}","templated":true}]}}