{"id":667,"date":"2010-02-09T13:22:46","date_gmt":"2010-02-09T12:22:46","guid":{"rendered":"http:\/\/kristinahazler.com\/?page_id=667"},"modified":"2026-03-05T15:11:14","modified_gmt":"2026-03-05T14:11:14","slug":"clovek-a-jeho-uzdravenie-bozske-puzzle","status":"publish","type":"page","link":"https:\/\/kristinahazler.com\/sk\/transformacia-vedomia-a-rozvoj-osobnosti-knihy\/clovek-a-jeho-uzdravenie-bozske-puzzle\/","title":{"rendered":"\u010clovek a jeho uzdravenie \u2013 Bo\u017esk\u00e9 puzzle"},"content":{"rendered":"<p><img fetchpriority=\"high\" decoding=\"async\" data-attachment-id=\"9373\" data-permalink=\"https:\/\/kristinahazler.com\/sk\/transformacia-vedomia-a-rozvoj-osobnosti-knihy\/clovek-a-jeho-uzdravenie-bozske-puzzle\/der-mensch-und-seine-heilung-das-goettliche-puzzle-2\/\" data-orig-file=\"https:\/\/kristinahazler.com\/wp-content\/uploads\/2014\/07\/Der-Mensch-und-seine-Heilung-Das-g\u00f6ttliche-Puzzle.jpg\" data-orig-size=\"770,924\" data-comments-opened=\"0\" data-image-meta=\"{&quot;aperture&quot;:&quot;0&quot;,&quot;credit&quot;:&quot;&quot;,&quot;camera&quot;:&quot;&quot;,&quot;caption&quot;:&quot;&quot;,&quot;created_timestamp&quot;:&quot;0&quot;,&quot;copyright&quot;:&quot;&quot;,&quot;focal_length&quot;:&quot;0&quot;,&quot;iso&quot;:&quot;0&quot;,&quot;shutter_speed&quot;:&quot;0&quot;,&quot;title&quot;:&quot;&quot;,&quot;orientation&quot;:&quot;0&quot;}\" data-image-title=\"Der Mensch und seine Heilung &amp;#8211; Das g\u00f6ttliche Puzzle\" data-image-description=\"&lt;p&gt;Buchcover: Der Mensch und seine Heilung&lt;\/p&gt;\n\" data-image-caption=\"\" data-large-file=\"https:\/\/kristinahazler.com\/wp-content\/uploads\/2014\/07\/Der-Mensch-und-seine-Heilung-Das-g\u00f6ttliche-Puzzle-853x1024.jpg\" class=\"aligncenter size-medium wp-image-9373\" src=\"https:\/\/kristinahazler.com\/wp-content\/uploads\/2014\/07\/Der-Mensch-und-seine-Heilung-Das-g\u00f6ttliche-Puzzle-250x300.jpg\" alt=\"Buchcover: Der Mensch und seine Heilung\" width=\"250\" height=\"300\" srcset=\"https:\/\/kristinahazler.com\/wp-content\/uploads\/2014\/07\/Der-Mensch-und-seine-Heilung-Das-g\u00f6ttliche-Puzzle-250x300.jpg 250w, https:\/\/kristinahazler.com\/wp-content\/uploads\/2014\/07\/Der-Mensch-und-seine-Heilung-Das-g\u00f6ttliche-Puzzle-300x360.jpg 300w, https:\/\/kristinahazler.com\/wp-content\/uploads\/2014\/07\/Der-Mensch-und-seine-Heilung-Das-g\u00f6ttliche-Puzzle-768x922.jpg 768w, https:\/\/kristinahazler.com\/wp-content\/uploads\/2014\/07\/Der-Mensch-und-seine-Heilung-Das-g\u00f6ttliche-Puzzle-853x1024.jpg 853w, https:\/\/kristinahazler.com\/wp-content\/uploads\/2014\/07\/Der-Mensch-und-seine-Heilung-Das-g\u00f6ttliche-Puzzle-600x720.jpg 600w, https:\/\/kristinahazler.com\/wp-content\/uploads\/2014\/07\/Der-Mensch-und-seine-Heilung-Das-g\u00f6ttliche-Puzzle.jpg 770w\" sizes=\"(max-width: 250px) 100vw, 250px\" \/>Kniha &#8222;\u010clovek a jeho uzdravenie \u2013 Bo\u017esk\u00e9 puzzle&#8220; filigr\u00e1nsky, detailne a takmer fyzicky hmatate\u013ene predklad\u00e1 d\u00f4kaz o tom, \u017ee prv\u00fdm krokom uzdravenia je spoznanie seba sam\u00e9ho \u2013 \u010di zvonka alebo zvn\u00fatra. Len jasn\u00fd obraz seba sam\u00e9ho m\u00f4\u017ee pom\u00f4c\u0165 rozpozna\u0165 blok\u00e1dy a rany, odstr\u00e1ni\u0165 a transformova\u0165 ich. Preto\u017ee na\u0161e \u201ebahno\u201c \u2013 na\u0161a vlastn\u00e1 energia, negat\u00edvne em\u00f3cie, zastaral\u00e9 my\u0161lienky, at\u010f. &#8211; je svojim sp\u00f4sobom st\u00e1le s nami spojen\u00e9 a \u010dlovek sa ho m\u00f4\u017ee zbavi\u0165 len vlastn\u00fdm pri\u010dinen\u00edm, ako to ukazuj\u00fa mnoh\u00e9 epiz\u00f3dy o vlastnom tele a energetickom syst\u00e9me tohto mimoriadne vzletn\u00e9ho a \u0161armantn\u00e9ho diela.<\/p>\n<p><a href=\"http:\/\/kristinahazler.com\/?p=669&amp;lang=cs\" target=\"_self\">Recenzia<\/a><\/p>\n<p>Kniha\u00a0bola v\u010faka <a href=\"http:\/\/kristinahazler.com\/?page_id=1508&amp;lang=cs\" target=\"_blank\" rel=\"noopener\">Projektu \u201cExperiment\u201d<\/a> prelo\u017een\u00e1 do sloven\u010diny. Predbe\u017en\u00fd d\u00e1tum zverejnenia v sloven\u010dine:\u00a02019.<\/p>\n<p>ISBN:\u00a0978-3903014008<br \/>\nautorka: Kristina Hazler<br \/>\nrozsah: 150 str\u00e1n, zatia\u013e len v nem\u010dine<br \/>\nprv\u00e9 vydanie: 2010<\/p>\n","protected":false},"excerpt":{"rendered":"<p>Kniha &#8222;\u010clovek a jeho uzdravenie \u2013 Bo\u017esk\u00e9 puzzle&#8220; filigr\u00e1nsky, detailne a takmer fyzicky hmatate\u013ene predklad\u00e1 d\u00f4kaz o tom, \u017ee prv\u00fdm<\/p>\n","protected":false},"author":1,"featured_media":0,"parent":10533,"menu_order":2,"comment_status":"closed","ping_status":"closed","template":"","meta":{"site-sidebar-layout":"default","site-content-layout":"","ast-site-content-layout":"default","site-content-style":"default","site-sidebar-style":"default","ast-global-header-display":"","ast-banner-title-visibility":"","ast-main-header-display":"","ast-hfb-above-header-display":"","ast-hfb-below-header-display":"","ast-hfb-mobile-header-display":"","site-post-title":"","ast-breadcrumbs-content":"","ast-featured-img":"","footer-sml-layout":"","ast-disable-related-posts":"","theme-transparent-header-meta":"default","adv-header-id-meta":"","stick-header-meta":"default","header-above-stick-meta":"","header-main-stick-meta":"","header-below-stick-meta":"","astra-migrate-meta-layouts":"default","ast-page-background-enabled":"default","ast-page-background-meta":{"desktop":{"background-color":"var(--ast-global-color-4)","background-image":"","background-repeat":"repeat","background-position":"center center","background-size":"auto","background-attachment":"scroll","background-type":"","background-media":"","overlay-type":"","overlay-color":"","overlay-opacity":"","overlay-gradient":""},"tablet":{"background-color":"","background-image":"","background-repeat":"repeat","background-position":"center center","background-size":"auto","background-attachment":"scroll","background-type":"","background-media":"","overlay-type":"","overlay-color":"","overlay-opacity":"","overlay-gradient":""},"mobile":{"background-color":"","background-image":"","background-repeat":"repeat","background-position":"center center","background-size":"auto","background-attachment":"scroll","background-type":"","background-media":"","overlay-type":"","overlay-color":"","overlay-opacity":"","overlay-gradient":""}},"ast-content-background-meta":{"desktop":{"background-color":"var(--ast-global-color-5)","background-image":"","background-repeat":"repeat","background-position":"center center","background-size":"auto","background-attachment":"scroll","background-type":"","background-media":"","overlay-type":"","overlay-color":"","overlay-opacity":"","overlay-gradient":""},"tablet":{"background-color":"var(--ast-global-color-5)","background-image":"","background-repeat":"repeat","background-position":"center center","background-size":"auto","background-attachment":"scroll","background-type":"","background-media":"","overlay-type":"","overlay-color":"","overlay-opacity":"","overlay-gradient":""},"mobile":{"background-color":"var(--ast-global-color-5)","background-image":"","background-repeat":"repeat","background-position":"center center","background-size":"auto","background-attachment":"scroll","background-type":"","background-media":"","overlay-type":"","overlay-color":"","overlay-opacity":"","overlay-gradient":""}},"jetpack_post_was_ever_published":false,"footnotes":""},"class_list":["post-667","page","type-page","status-publish","hentry"],"yoast_head":"<!-- This site is optimized with the Yoast SEO Premium plugin v27.5 (Yoast SEO v27.5) - https:\/\/yoast.com\/product\/yoast-seo-premium-wordpress\/ -->\n<title>\u010clovek a jeho uzdravenie \u2013 Bo\u017esk\u00e9 puzzle | NOV\u00c9 VEDOMIE - Krist\u00edna Hazler<\/title>\n<meta name=\"robots\" content=\"index, follow, max-snippet:-1, max-image-preview:large, max-video-preview:-1\" \/>\n<link rel=\"canonical\" href=\"https:\/\/kristinahazler.com\/sk\/transformacia-vedomia-a-rozvoj-osobnosti-knihy\/clovek-a-jeho-uzdravenie-bozske-puzzle\/\" \/>\n<meta property=\"og:locale\" content=\"sk_SK\" \/>\n<meta property=\"og:type\" content=\"article\" \/>\n<meta property=\"og:title\" content=\"\u010clovek a jeho uzdravenie \u2013 Bo\u017esk\u00e9 puzzle\" \/>\n<meta property=\"og:description\" content=\"Kniha &#8222;\u010clovek a jeho uzdravenie \u2013 Bo\u017esk\u00e9 puzzle&#8220; filigr\u00e1nsky, detailne a takmer fyzicky hmatate\u013ene predklad\u00e1 d\u00f4kaz o tom, \u017ee prv\u00fdm\" \/>\n<meta property=\"og:url\" content=\"https:\/\/kristinahazler.com\/sk\/transformacia-vedomia-a-rozvoj-osobnosti-knihy\/clovek-a-jeho-uzdravenie-bozske-puzzle\/\" \/>\n<meta property=\"og:site_name\" content=\"NOV\u00c9 VEDOMIE - Krist\u00edna Hazler\" \/>\n<meta property=\"article:publisher\" content=\"https:\/\/www.facebook.com\/kristina.hazler\/\" \/>\n<meta property=\"article:modified_time\" content=\"2026-03-05T14:11:14+00:00\" \/>\n<meta property=\"og:image\" content=\"https:\/\/kristinahazler.com\/wp-content\/uploads\/2020\/03\/Mensch-und-seine-Heilung2-1.jpg\" \/>\n<meta name=\"twitter:card\" content=\"summary_large_image\" \/>\n<meta name=\"twitter:image\" content=\"https:\/\/kristinahazler.com\/wp-content\/uploads\/2020\/03\/Mensch-und-seine-Heilung2-1.jpg\" \/>\n<meta name=\"twitter:label1\" content=\"Predpokladan\u00fd \u010das \u010d\u00edtania\" \/>\n\t<meta name=\"twitter:data1\" content=\"1 minute\" \/>\n<script type=\"application\/ld+json\" class=\"yoast-schema-graph\">{\"@context\":\"https:\\\/\\\/schema.org\",\"@graph\":[{\"@type\":\"WebPage\",\"@id\":\"https:\\\/\\\/kristinahazler.com\\\/sk\\\/transformacia-vedomia-a-rozvoj-osobnosti-knihy\\\/clovek-a-jeho-uzdravenie-bozske-puzzle\\\/\",\"url\":\"https:\\\/\\\/kristinahazler.com\\\/sk\\\/transformacia-vedomia-a-rozvoj-osobnosti-knihy\\\/clovek-a-jeho-uzdravenie-bozske-puzzle\\\/\",\"name\":\"\u010clovek a jeho uzdravenie \u2013 Bo\u017esk\u00e9 puzzle | NOV\u00c9 VEDOMIE - Krist\u00edna Hazler\",\"isPartOf\":{\"@id\":\"https:\\\/\\\/kristinahazler.com\\\/sk\\\/#website\"},\"datePublished\":\"2010-02-09T12:22:46+00:00\",\"dateModified\":\"2026-03-05T14:11:14+00:00\",\"breadcrumb\":{\"@id\":\"https:\\\/\\\/kristinahazler.com\\\/sk\\\/transformacia-vedomia-a-rozvoj-osobnosti-knihy\\\/clovek-a-jeho-uzdravenie-bozske-puzzle\\\/#breadcrumb\"},\"inLanguage\":\"sk-SK\",\"potentialAction\":[{\"@type\":\"ReadAction\",\"target\":[\"https:\\\/\\\/kristinahazler.com\\\/sk\\\/transformacia-vedomia-a-rozvoj-osobnosti-knihy\\\/clovek-a-jeho-uzdravenie-bozske-puzzle\\\/\"]}]},{\"@type\":\"BreadcrumbList\",\"@id\":\"https:\\\/\\\/kristinahazler.com\\\/sk\\\/transformacia-vedomia-a-rozvoj-osobnosti-knihy\\\/clovek-a-jeho-uzdravenie-bozske-puzzle\\\/#breadcrumb\",\"itemListElement\":[{\"@type\":\"ListItem\",\"position\":1,\"name\":\"Start\",\"item\":\"https:\\\/\\\/kristinahazler.com\\\/sk\\\/\"},{\"@type\":\"ListItem\",\"position\":2,\"name\":\"Transform\u00e1cia vedomia a rozvoj osobnosti &#8211; Knihy\",\"item\":\"https:\\\/\\\/kristinahazler.com\\\/sk\\\/transformacia-vedomia-a-rozvoj-osobnosti-knihy\\\/\"},{\"@type\":\"ListItem\",\"position\":3,\"name\":\"\u010clovek a jeho uzdravenie \u2013 Bo\u017esk\u00e9 puzzle\"}]},{\"@type\":\"WebSite\",\"@id\":\"https:\\\/\\\/kristinahazler.com\\\/sk\\\/#website\",\"url\":\"https:\\\/\\\/kristinahazler.com\\\/sk\\\/\",\"name\":\"NEUES BEWUSSTSEIN - Kristina Hazler\",\"description\":\"Poradenstvo | Kou\u010ding | Terapia | Knihy | Blog\",\"publisher\":{\"@id\":\"https:\\\/\\\/kristinahazler.com\\\/sk\\\/#organization\"},\"potentialAction\":[{\"@type\":\"SearchAction\",\"target\":{\"@type\":\"EntryPoint\",\"urlTemplate\":\"https:\\\/\\\/kristinahazler.com\\\/sk\\\/?s={search_term_string}\"},\"query-input\":{\"@type\":\"PropertyValueSpecification\",\"valueRequired\":true,\"valueName\":\"search_term_string\"}}],\"inLanguage\":\"sk-SK\"},{\"@type\":[\"Organization\",\"Place\"],\"@id\":\"https:\\\/\\\/kristinahazler.com\\\/sk\\\/#organization\",\"name\":\"Kristina Hazler\",\"url\":\"https:\\\/\\\/kristinahazler.com\\\/sk\\\/\",\"logo\":{\"@id\":\"https:\\\/\\\/kristinahazler.com\\\/sk\\\/transformacia-vedomia-a-rozvoj-osobnosti-knihy\\\/clovek-a-jeho-uzdravenie-bozske-puzzle\\\/#local-main-organization-logo\"},\"image\":{\"@id\":\"https:\\\/\\\/kristinahazler.com\\\/sk\\\/transformacia-vedomia-a-rozvoj-osobnosti-knihy\\\/clovek-a-jeho-uzdravenie-bozske-puzzle\\\/#local-main-organization-logo\"},\"sameAs\":[\"https:\\\/\\\/www.facebook.com\\\/kristina.hazler\\\/\",\"https:\\\/\\\/www.instagram.com\\\/kristinahazler_bewusstleben\\\/\"],\"address\":{\"@id\":\"https:\\\/\\\/kristinahazler.com\\\/sk\\\/transformacia-vedomia-a-rozvoj-osobnosti-knihy\\\/clovek-a-jeho-uzdravenie-bozske-puzzle\\\/#local-main-place-address\"},\"geo\":{\"@type\":\"GeoCoordinates\",\"latitude\":\"48.288049\",\"longitude\":\"16.3649529\"},\"telephone\":[\"+4369917113130\",\"+4369919002013\"],\"openingHoursSpecification\":[],\"email\":\"info@kristinahazler.com\",\"vatID\":\"ATU65839701\"},{\"@type\":\"PostalAddress\",\"@id\":\"https:\\\/\\\/kristinahazler.com\\\/sk\\\/transformacia-vedomia-a-rozvoj-osobnosti-knihy\\\/clovek-a-jeho-uzdravenie-bozske-puzzle\\\/#local-main-place-address\",\"streetAddress\":\"BewusstseinsAkademie OG, Lagerstra\u00dfe 1-5\\\/2\\\/1\",\"addressLocality\":\"Langenzersdorf\",\"postalCode\":\"2103\",\"addressCountry\":\"AT\"},{\"@type\":\"ImageObject\",\"inLanguage\":\"sk-SK\",\"@id\":\"https:\\\/\\\/kristinahazler.com\\\/sk\\\/transformacia-vedomia-a-rozvoj-osobnosti-knihy\\\/clovek-a-jeho-uzdravenie-bozske-puzzle\\\/#local-main-organization-logo\",\"url\":\"https:\\\/\\\/kristinahazler.com\\\/wp-content\\\/uploads\\\/Logo-Neues-Bewusstsein-rot.png\",\"contentUrl\":\"https:\\\/\\\/kristinahazler.com\\\/wp-content\\\/uploads\\\/Logo-Neues-Bewusstsein-rot.png\",\"width\":500,\"height\":500,\"caption\":\"Kristina Hazler\"}]}<\/script>\n<meta name=\"geo.placename\" content=\"Langenzersdorf\" \/>\n<meta name=\"geo.position\" content=\"48.288049;16.3649529\" \/>\n<meta name=\"geo.region\" content=\"Austria\" \/>\n<!-- \/ Yoast SEO Premium plugin. -->","yoast_head_json":{"title":"\u010clovek a jeho uzdravenie \u2013 Bo\u017esk\u00e9 puzzle | NOV\u00c9 VEDOMIE - Krist\u00edna Hazler","robots":{"index":"index","follow":"follow","max-snippet":"max-snippet:-1","max-image-preview":"max-image-preview:large","max-video-preview":"max-video-preview:-1"},"canonical":"https:\/\/kristinahazler.com\/sk\/transformacia-vedomia-a-rozvoj-osobnosti-knihy\/clovek-a-jeho-uzdravenie-bozske-puzzle\/","og_locale":"sk_SK","og_type":"article","og_title":"\u010clovek a jeho uzdravenie \u2013 Bo\u017esk\u00e9 puzzle","og_description":"Kniha &#8222;\u010clovek a jeho uzdravenie \u2013 Bo\u017esk\u00e9 puzzle&#8220; filigr\u00e1nsky, detailne a takmer fyzicky hmatate\u013ene predklad\u00e1 d\u00f4kaz o tom, \u017ee prv\u00fdm","og_url":"https:\/\/kristinahazler.com\/sk\/transformacia-vedomia-a-rozvoj-osobnosti-knihy\/clovek-a-jeho-uzdravenie-bozske-puzzle\/","og_site_name":"NOV\u00c9 VEDOMIE - Krist\u00edna Hazler","article_publisher":"https:\/\/www.facebook.com\/kristina.hazler\/","article_modified_time":"2026-03-05T14:11:14+00:00","og_image":[{"url":"https:\/\/kristinahazler.com\/wp-content\/uploads\/2020\/03\/Mensch-und-seine-Heilung2-1.jpg","type":"","width":"","height":""}],"twitter_card":"summary_large_image","twitter_image":"https:\/\/kristinahazler.com\/wp-content\/uploads\/2020\/03\/Mensch-und-seine-Heilung2-1.jpg","twitter_misc":{"Predpokladan\u00fd \u010das \u010d\u00edtania":"1 minute"},"schema":{"@context":"https:\/\/schema.org","@graph":[{"@type":"WebPage","@id":"https:\/\/kristinahazler.com\/sk\/transformacia-vedomia-a-rozvoj-osobnosti-knihy\/clovek-a-jeho-uzdravenie-bozske-puzzle\/","url":"https:\/\/kristinahazler.com\/sk\/transformacia-vedomia-a-rozvoj-osobnosti-knihy\/clovek-a-jeho-uzdravenie-bozske-puzzle\/","name":"\u010clovek a jeho uzdravenie \u2013 Bo\u017esk\u00e9 puzzle | NOV\u00c9 VEDOMIE - Krist\u00edna Hazler","isPartOf":{"@id":"https:\/\/kristinahazler.com\/sk\/#website"},"datePublished":"2010-02-09T12:22:46+00:00","dateModified":"2026-03-05T14:11:14+00:00","breadcrumb":{"@id":"https:\/\/kristinahazler.com\/sk\/transformacia-vedomia-a-rozvoj-osobnosti-knihy\/clovek-a-jeho-uzdravenie-bozske-puzzle\/#breadcrumb"},"inLanguage":"sk-SK","potentialAction":[{"@type":"ReadAction","target":["https:\/\/kristinahazler.com\/sk\/transformacia-vedomia-a-rozvoj-osobnosti-knihy\/clovek-a-jeho-uzdravenie-bozske-puzzle\/"]}]},{"@type":"BreadcrumbList","@id":"https:\/\/kristinahazler.com\/sk\/transformacia-vedomia-a-rozvoj-osobnosti-knihy\/clovek-a-jeho-uzdravenie-bozske-puzzle\/#breadcrumb","itemListElement":[{"@type":"ListItem","position":1,"name":"Start","item":"https:\/\/kristinahazler.com\/sk\/"},{"@type":"ListItem","position":2,"name":"Transform\u00e1cia vedomia a rozvoj osobnosti &#8211; Knihy","item":"https:\/\/kristinahazler.com\/sk\/transformacia-vedomia-a-rozvoj-osobnosti-knihy\/"},{"@type":"ListItem","position":3,"name":"\u010clovek a jeho uzdravenie \u2013 Bo\u017esk\u00e9 puzzle"}]},{"@type":"WebSite","@id":"https:\/\/kristinahazler.com\/sk\/#website","url":"https:\/\/kristinahazler.com\/sk\/","name":"NEUES BEWUSSTSEIN - Kristina Hazler","description":"Poradenstvo | Kou\u010ding | Terapia | Knihy | Blog","publisher":{"@id":"https:\/\/kristinahazler.com\/sk\/#organization"},"potentialAction":[{"@type":"SearchAction","target":{"@type":"EntryPoint","urlTemplate":"https:\/\/kristinahazler.com\/sk\/?s={search_term_string}"},"query-input":{"@type":"PropertyValueSpecification","valueRequired":true,"valueName":"search_term_string"}}],"inLanguage":"sk-SK"},{"@type":["Organization","Place"],"@id":"https:\/\/kristinahazler.com\/sk\/#organization","name":"Kristina Hazler","url":"https:\/\/kristinahazler.com\/sk\/","logo":{"@id":"https:\/\/kristinahazler.com\/sk\/transformacia-vedomia-a-rozvoj-osobnosti-knihy\/clovek-a-jeho-uzdravenie-bozske-puzzle\/#local-main-organization-logo"},"image":{"@id":"https:\/\/kristinahazler.com\/sk\/transformacia-vedomia-a-rozvoj-osobnosti-knihy\/clovek-a-jeho-uzdravenie-bozske-puzzle\/#local-main-organization-logo"},"sameAs":["https:\/\/www.facebook.com\/kristina.hazler\/","https:\/\/www.instagram.com\/kristinahazler_bewusstleben\/"],"address":{"@id":"https:\/\/kristinahazler.com\/sk\/transformacia-vedomia-a-rozvoj-osobnosti-knihy\/clovek-a-jeho-uzdravenie-bozske-puzzle\/#local-main-place-address"},"geo":{"@type":"GeoCoordinates","latitude":"48.288049","longitude":"16.3649529"},"telephone":["+4369917113130","+4369919002013"],"openingHoursSpecification":[],"email":"info@kristinahazler.com","vatID":"ATU65839701"},{"@type":"PostalAddress","@id":"https:\/\/kristinahazler.com\/sk\/transformacia-vedomia-a-rozvoj-osobnosti-knihy\/clovek-a-jeho-uzdravenie-bozske-puzzle\/#local-main-place-address","streetAddress":"BewusstseinsAkademie OG, Lagerstra\u00dfe 1-5\/2\/1","addressLocality":"Langenzersdorf","postalCode":"2103","addressCountry":"AT"},{"@type":"ImageObject","inLanguage":"sk-SK","@id":"https:\/\/kristinahazler.com\/sk\/transformacia-vedomia-a-rozvoj-osobnosti-knihy\/clovek-a-jeho-uzdravenie-bozske-puzzle\/#local-main-organization-logo","url":"https:\/\/kristinahazler.com\/wp-content\/uploads\/Logo-Neues-Bewusstsein-rot.png","contentUrl":"https:\/\/kristinahazler.com\/wp-content\/uploads\/Logo-Neues-Bewusstsein-rot.png","width":500,"height":500,"caption":"Kristina Hazler"}]},"geo.placename":"Langenzersdorf","geo.position":{"lat":"48.288049","long":"16.3649529"},"geo.region":"Austria"},"acf":[],"jetpack-related-posts":[{"id":10533,"url":"https:\/\/kristinahazler.com\/sk\/transformacia-vedomia-a-rozvoj-osobnosti-knihy\/","url_meta":{"origin":667,"position":0},"title":"Transform\u00e1cia vedomia a rozvoj osobnosti &#8211; Knihy","author":"Kristina Hazler","date":"14. okt\u00f3ber 2014","format":false,"excerpt":"Tu n\u00e1jde\u0161 preh\u013ead mojich publikovan\u00fdch kn\u00edh \u2013 zatia\u013e v\u0161etky len v nem\u010dine. Knihy si m\u00f4\u017ee\u0161 objedna\u0165 v klasickej, fyzickej, alebo v elektronickej (ebook) forme. Knihy sa daj\u00fa k\u00fapi\u0165 alebo objedna\u0165 v ka\u017edom kn\u00edhkupectve v nemecky hovoriacich krajin\u00e1ch a v internetovom obchode amazon.com ->, amazon.de ->\u00a0 Najjednoduch\u0161\u00ed sp\u00f4sob pre zasielanie na\u2026","rel":"","context":"Similar post","block_context":{"text":"Similar post","link":""},"img":{"alt_text":"Buchcover: Das Experiment","src":"https:\/\/i0.wp.com\/kristinahazler.com\/wp-content\/uploads\/2014\/07\/Erwachen-im-MenschSein-Das-Experiment-250x300.jpg?resize=350%2C200&ssl=1","width":350,"height":200},"classes":[]},{"id":38473,"url":"https:\/\/kristinahazler.com\/sk\/poradenstvo\/uspesny-zivot-s-vysokou-senzitivitou\/","url_meta":{"origin":667,"position":1},"title":"\u00daspe\u0161n\u00fd \u017eivot s vysokou senzitivitou","author":"Kristina Hazler","date":"10. September 2014","format":false,"excerpt":"Vysok\u00e1 senzibilita nie je choroba, ale pravdepodobne najnorm\u00e1lnej\u0161ia \u013eudsk\u00e1 prirodzenos\u0165 a znak rozvinut\u00e9ho vedomia a roz\u0161\u00edren\u00e9ho energetick\u00e9ho po\u013ea - holistick\u00fd stav, od ktor\u00e9ho sa v\u00e4\u010d\u0161ina \u013eud\u00ed vzdialila nato\u013eko, \u017ee tento svet je medzi\u010dasom postaven\u00fd na bezcitnosti.. V tomto svete sa (vysok\u00e1) citlivos\u0165, vn\u00edmavos\u0165, empatia - spoluc\u00edtenie u\u017e nepova\u017euj\u00fa za norm\u00e1lne\u2026","rel":"","context":"Similar post","block_context":{"text":"Similar post","link":""},"img":{"alt_text":"Feder auf Stein im Wasser","src":"https:\/\/i0.wp.com\/kristinahazler.com\/wp-content\/uploads\/2014\/09\/shutterstock_78744664.jpg?resize=350%2C200&ssl=1","width":350,"height":200,"srcset":"https:\/\/i0.wp.com\/kristinahazler.com\/wp-content\/uploads\/2014\/09\/shutterstock_78744664.jpg?resize=350%2C200&ssl=1 1x, https:\/\/i0.wp.com\/kristinahazler.com\/wp-content\/uploads\/2014\/09\/shutterstock_78744664.jpg?resize=525%2C300&ssl=1 1.5x, https:\/\/i0.wp.com\/kristinahazler.com\/wp-content\/uploads\/2014\/09\/shutterstock_78744664.jpg?resize=700%2C400&ssl=1 2x"},"classes":[]},{"id":10379,"url":"https:\/\/kristinahazler.com\/sk\/vzdelanie\/","url_meta":{"origin":667,"position":2},"title":"Vzdelanie","author":"Kristina Hazler","date":"29. okt\u00f3ber 2017","format":false,"excerpt":"Nau\u010d sa u\u010di\u0165 svoje a zo seba S\u00e1m \u017eivot ma\u00a0nau\u010dil, \u017ee \u017eivot je vzdelanie a \u017ee\u00a0vzdel\u00e1vanie\u00a0je neust\u00e1ly, takmer nekone\u010dn\u00fd proces \u2013 \u0161t\u00fadium nie je nikdy\u00a0ukon\u010den\u00e9. Pre\u00a0m\u0148a\u00a0vzdelanie neznamen\u00e1 nekritick\u00e9 preberanie \u201ecudz\u00edch\u201c vedomost\u00ed. Pre\u00a0m\u0148a\u00a0 znamen\u00e1 \u00eds\u0165 cestou sebaobjavovania. V\u0161etko, \u010do sa mus\u00edme nau\u010di\u0165, nos\u00edme (pod\u013ea m\u0148a a\u00a0mojich sk\u00fasenost\u00ed) v sebe alebo si\u2026","rel":"","context":"Similar post","block_context":{"text":"Similar post","link":""},"img":{"alt_text":"","src":"","width":0,"height":0},"classes":[]},{"id":45558,"url":"https:\/\/kristinahazler.com\/sk\/nove-vedomie\/praca-s-vedomim\/","url_meta":{"origin":667,"position":3},"title":"Pr\u00e1ca s vedom\u00edm","author":"Kristina Hazler","date":"7. April 2019","format":false,"excerpt":"\u010co je pr\u00e1ca s vedom\u00edm, ako sa vykon\u00e1va a za ak\u00fdch podmienok m\u00e1 trval\u00fd transforma\u010dn\u00fd a vedomie roz\u0161iruj\u00faci \u00fa\u010dinok?","rel":"","context":"Similar post","block_context":{"text":"Similar post","link":""},"img":{"alt_text":"Logo Nov\u00e9 Vedomie od Kristina Hazler","src":"https:\/\/i0.wp.com\/kristinahazler.com\/wp-content\/uploads\/bilder\/logo\/logo-neues-bewusstsein.jpg?resize=350%2C200&ssl=1","width":350,"height":200},"classes":[]},{"id":38437,"url":"https:\/\/kristinahazler.com\/sk\/nove-vedomie\/","url_meta":{"origin":667,"position":4},"title":"Nov\u00e9 vedomie","author":"Kristina Hazler","date":"5. April 2019","format":false,"excerpt":"Zisti viac o Novom vedom\u00ed a s n\u00edm s\u00favisiacimi t\u00e9mami, ako je proces vedomia, transform\u00e1cia vedomia a pr\u00e1ca s vedom\u00edm.","rel":"","context":"Similar post","block_context":{"text":"Similar post","link":""},"img":{"alt_text":"Logo Nov\u00e9 vedomie od Kristina Hazler","src":"https:\/\/i0.wp.com\/kristinahazler.com\/wp-content\/uploads\/bilder\/logo\/logo-neues-bewusstsein-150x150.jpg?resize=350%2C200&ssl=1","width":350,"height":200},"classes":[]},{"id":38517,"url":"https:\/\/kristinahazler.com\/sk\/poradenstvo\/aspektologia-symptomy-prebudenia-a-sebaintegracia\/","url_meta":{"origin":667,"position":5},"title":"Aspektol\u00f3gia, sympt\u00f3my prebudenia a (seba)integr\u00e1cia","author":"Kristina Hazler","date":"9. j\u00fal 2017","format":false,"excerpt":"Aspektol\u00f3gia - vy\u0161\u0161ie umenie pr\u00e1ce s vedom\u00edm. Zisti viac o integr\u00e1cii \u010dast\u00ed osobnosti alebo aspektov osobnosti a o r\u00f4znych fyzick\u00fdch, psychologick\u00fdch a energetick\u00fdch sympt\u00f3moch po\u010das procesu integr\u00e1cie a o technik\u00e1ch a terapi\u00e1ch, ktor\u00e9 m\u00f4\u017eu podpori\u0165 holistick\u00fa sebaintegr\u00e1ciu.","rel":"","context":"Similar post","block_context":{"text":"Similar post","link":""},"img":{"alt_text":"Aspektol\u00f3gia, sympt\u00f3my prebudenia a (seba)integr\u00e1cia","src":"https:\/\/i0.wp.com\/kristinahazler.com\/wp-content\/uploads\/bilder\/logo\/logo-neues-bewusstsein-150x150.jpg?resize=350%2C200&ssl=1","width":350,"height":200},"classes":[]}],"jetpack_sharing_enabled":true,"_links":{"self":[{"href":"https:\/\/kristinahazler.com\/sk\/wp-json\/wp\/v2\/pages\/667","targetHints":{"allow":["GET"]}}],"collection":[{"href":"https:\/\/kristinahazler.com\/sk\/wp-json\/wp\/v2\/pages"}],"about":[{"href":"https:\/\/kristinahazler.com\/sk\/wp-json\/wp\/v2\/types\/page"}],"author":[{"embeddable":true,"href":"https:\/\/kristinahazler.com\/sk\/wp-json\/wp\/v2\/users\/1"}],"replies":[{"embeddable":true,"href":"https:\/\/kristinahazler.com\/sk\/wp-json\/wp\/v2\/comments?post=667"}],"version-history":[{"count":0,"href":"https:\/\/kristinahazler.com\/sk\/wp-json\/wp\/v2\/pages\/667\/revisions"}],"up":[{"embeddable":true,"href":"https:\/\/kristinahazler.com\/sk\/wp-json\/wp\/v2\/pages\/10533"}],"wp:attachment":[{"href":"https:\/\/kristinahazler.com\/sk\/wp-json\/wp\/v2\/media?parent=667"}],"curies":[{"name":"wp","href":"https:\/\/api.w.org\/{rel}","templated":true}]}}